{"id":7074,"date":"2022-08-29T10:48:04","date_gmt":"2022-08-29T08:48:04","guid":{"rendered":"https:\/\/www.credenat.com\/2022\/projects\/"},"modified":"2022-11-08T10:54:14","modified_gmt":"2022-11-08T09:54:14","slug":"projects","status":"publish","type":"page","link":"https:\/\/www.credenat.com\/en\/projects\/","title":{"rendered":"Projects"},"content":{"rendered":"\t\t<div data-elementor-type=\"wp-page\" data-elementor-id=\"7074\" class=\"elementor elementor-7074 elementor-6492\">\n\t\t\t\t\t\t\t\t\t<section class=\"elementor-section elementor-top-section elementor-element elementor-element-5decc31 elementor-section-full_width elementor-section-height-default elementor-section-height-default\" data-id=\"5decc31\" data-element_type=\"section\">\n\t\t\t\t\t\t<div class=\"elementor-container elementor-column-gap-no\">\n\t\t\t\t\t<div class=\"elementor-column elementor-col-100 elementor-top-column elementor-element elementor-element-d7afa28\" data-id=\"d7afa28\" data-element_type=\"column\">\n\t\t\t<div class=\"elementor-widget-wrap elementor-element-populated\">\n\t\t\t\t\t\t\t\t<div class=\"elementor-element elementor-element-e718f1b elementor-widget elementor-widget-image\" data-id=\"e718f1b\" data-element_type=\"widget\" data-widget_type=\"image.default\">\n\t\t\t\t<div class=\"elementor-widget-container\">\n\t\t\t<style>\/*! elementor - v3.10.1 - 17-01-2023 *\/\n.elementor-widget-image{text-align:center}.elementor-widget-image a{display:inline-block}.elementor-widget-image a img[src$=\".svg\"]{width:48px}.elementor-widget-image img{vertical-align:middle;display:inline-block}<\/style>\t\t\t\t\t\t\t\t\t\t\t\t<img loading=\"lazy\" decoding=\"async\" width=\"1920\" height=\"200\" src=\"https:\/\/www.credenat.com\/wp-content\/uploads\/2022\/08\/header.jpg\" class=\"attachment-full size-full wp-image-7031\" alt=\"\" srcset=\"https:\/\/www.credenat.com\/wp-content\/uploads\/2022\/08\/header.jpg 1920w, https:\/\/www.credenat.com\/wp-content\/uploads\/2022\/08\/header-300x31.jpg 300w, https:\/\/www.credenat.com\/wp-content\/uploads\/2022\/08\/header-1024x107.jpg 1024w, https:\/\/www.credenat.com\/wp-content\/uploads\/2022\/08\/header-768x80.jpg 768w, https:\/\/www.credenat.com\/wp-content\/uploads\/2022\/08\/header-1536x160.jpg 1536w\" sizes=\"auto, (max-width: 1920px) 100vw, 1920px\" \/>\t\t\t\t\t\t\t\t\t\t\t\t\t\t\t<\/div>\n\t\t\t\t<\/div>\n\t\t\t\t\t<\/div>\n\t\t<\/div>\n\t\t\t\t\t\t\t<\/div>\n\t\t<\/section>\n\t\t\t\t<section class=\"elementor-section elementor-top-section elementor-element elementor-element-0d30f87 elementor-section-boxed elementor-section-height-default elementor-section-height-default\" data-id=\"0d30f87\" data-element_type=\"section\" data-settings=\"{&quot;background_background&quot;:&quot;classic&quot;}\">\n\t\t\t\t\t\t<div class=\"elementor-container elementor-column-gap-default\">\n\t\t\t\t\t<div class=\"elementor-column elementor-col-100 elementor-top-column elementor-element elementor-element-9f9afc8\" data-id=\"9f9afc8\" data-element_type=\"column\">\n\t\t\t<div class=\"elementor-widget-wrap elementor-element-populated\">\n\t\t\t\t\t\t\t\t<div class=\"elementor-element elementor-element-598c098 elementor-widget elementor-widget-heading\" data-id=\"598c098\" data-element_type=\"widget\" data-widget_type=\"heading.default\">\n\t\t\t\t<div class=\"elementor-widget-container\">\n\t\t\t<style>\/*! elementor - v3.10.1 - 17-01-2023 *\/\n.elementor-heading-title{padding:0;margin:0;line-height:1}.elementor-widget-heading .elementor-heading-title[class*=elementor-size-]>a{color:inherit;font-size:inherit;line-height:inherit}.elementor-widget-heading .elementor-heading-title.elementor-size-small{font-size:15px}.elementor-widget-heading .elementor-heading-title.elementor-size-medium{font-size:19px}.elementor-widget-heading .elementor-heading-title.elementor-size-large{font-size:29px}.elementor-widget-heading .elementor-heading-title.elementor-size-xl{font-size:39px}.elementor-widget-heading .elementor-heading-title.elementor-size-xxl{font-size:59px}<\/style><h1 class=\"elementor-heading-title elementor-size-default\">Projects<\/h1>\t\t<\/div>\n\t\t\t\t<\/div>\n\t\t\t\t\t<\/div>\n\t\t<\/div>\n\t\t\t\t\t\t\t<\/div>\n\t\t<\/section>\n\t\t\t\t<section class=\"elementor-section elementor-top-section elementor-element elementor-element-290a089 elementor-section-boxed elementor-section-height-default elementor-section-height-default\" data-id=\"290a089\" data-element_type=\"section\">\n\t\t\t\t\t\t<div class=\"elementor-container elementor-column-gap-default\">\n\t\t\t\t\t<div class=\"elementor-column elementor-col-100 elementor-top-column elementor-element elementor-element-f46ef55\" data-id=\"f46ef55\" data-element_type=\"column\">\n\t\t\t<div class=\"elementor-widget-wrap elementor-element-populated\">\n\t\t\t\t\t\t\t\t<div class=\"elementor-element elementor-element-59ffadb elementor-widget elementor-widget-image\" data-id=\"59ffadb\" data-element_type=\"widget\" data-widget_type=\"image.default\">\n\t\t\t\t<div class=\"elementor-widget-container\">\n\t\t\t\t\t\t\t\t\t\t\t\t\t\t\t<img loading=\"lazy\" decoding=\"async\" width=\"400\" height=\"84\" src=\"https:\/\/www.credenat.com\/wp-content\/uploads\/2022\/08\/pid2019-106822rb-100.png\" class=\"attachment-full size-full wp-image-7037\" alt=\"\" srcset=\"https:\/\/www.credenat.com\/wp-content\/uploads\/2022\/08\/pid2019-106822rb-100.png 400w, https:\/\/www.credenat.com\/wp-content\/uploads\/2022\/08\/pid2019-106822rb-100-300x63.png 300w\" sizes=\"auto, (max-width: 400px) 100vw, 400px\" \/>\t\t\t\t\t\t\t\t\t\t\t\t\t\t\t<\/div>\n\t\t\t\t<\/div>\n\t\t\t\t<div class=\"elementor-element elementor-element-1e4de92 elementor-widget elementor-widget-text-editor\" data-id=\"1e4de92\" data-element_type=\"widget\" data-widget_type=\"text-editor.default\">\n\t\t\t\t<div class=\"elementor-widget-container\">\n\t\t\t<style>\/*! elementor - v3.10.1 - 17-01-2023 *\/\n.elementor-widget-text-editor.elementor-drop-cap-view-stacked .elementor-drop-cap{background-color:#818a91;color:#fff}.elementor-widget-text-editor.elementor-drop-cap-view-framed .elementor-drop-cap{color:#818a91;border:3px solid;background-color:transparent}.elementor-widget-text-editor:not(.elementor-drop-cap-view-default) .elementor-drop-cap{margin-top:8px}.elementor-widget-text-editor:not(.elementor-drop-cap-view-default) .elementor-drop-cap-letter{width:1em;height:1em}.elementor-widget-text-editor .elementor-drop-cap{float:left;text-align:center;line-height:1;font-size:50px}.elementor-widget-text-editor .elementor-drop-cap-letter{display:inline-block}<\/style>\t\t\t\t<p>PID2019-106822RB-I00: Modelos multisectoriales y multirregionales, innovaci\u00f3n y<br \/>din\u00e1mica, para la sostenibilidad econ\u00f3mica, social y ambiental.<\/p>\n<p>P.I: M\u00aa Rosa Duarte<\/p>\n<p>N\u00ba of<br \/>researchers: 11<\/p>\n<p>Funding entity: Agencia Estatal de Investigaci\u00f3n.<\/p>\n<p>Start-End date:<br \/>01\/06\/2020 &#8211; 31\/05\/2023<\/p>\n<p>Esta\/e publicaci\u00f3n\/resultado\/equipamiento\/video\/actividad\/contrato\/otros es parte del\/de la proyecto de I+D+i PID2019-106822RB-I00 financiado\/a por MCIN\/ AEI\/10.13039\/501100011033<\/p>\n\t\t\t\t\t\t<\/div>\n\t\t\t\t<\/div>\n\t\t\t\t<div class=\"elementor-element elementor-element-c75ca17 elementor-widget elementor-widget-image\" data-id=\"c75ca17\" data-element_type=\"widget\" data-widget_type=\"image.default\">\n\t\t\t\t<div class=\"elementor-widget-container\">\n\t\t\t\t\t\t\t\t\t\t\t\t\t\t\t<img loading=\"lazy\" decoding=\"async\" width=\"400\" height=\"106\" src=\"https:\/\/www.credenat.com\/wp-content\/uploads\/2022\/08\/s40-20r.png\" class=\"attachment-full size-full wp-image-7038\" alt=\"\" srcset=\"https:\/\/www.credenat.com\/wp-content\/uploads\/2022\/08\/s40-20r.png 400w, https:\/\/www.credenat.com\/wp-content\/uploads\/2022\/08\/s40-20r-300x80.png 300w\" sizes=\"auto, (max-width: 400px) 100vw, 400px\" \/>\t\t\t\t\t\t\t\t\t\t\t\t\t\t\t<\/div>\n\t\t\t\t<\/div>\n\t\t\t\t<div class=\"elementor-element elementor-element-cb5ce26 elementor-widget elementor-widget-text-editor\" data-id=\"cb5ce26\" data-element_type=\"widget\" data-widget_type=\"text-editor.default\">\n\t\t\t\t<div class=\"elementor-widget-container\">\n\t\t\t\t\t\t\t<p>S40_20R. Grupo de investigaci\u00f3n consolidado Crecimiento, Demanda y Recursos<br \/>Naturales.<\/p>\n<p>P.I: Mar\u00eda Rosa Duarte.<\/p>\n<p>N\u00ba of researchers: 19<\/p>\n<p>Funding entity: Gobierno de<br \/>Arag\u00f3n<\/p>\n<p>Start-End date: 01\/01\/2020 &#8211; 31\/12\/2022<\/p>\n\t\t\t\t\t\t<\/div>\n\t\t\t\t<\/div>\n\t\t\t\t<div class=\"elementor-element elementor-element-2b2d7d2 elementor-widget-divider--view-line elementor-widget elementor-widget-divider\" data-id=\"2b2d7d2\" data-element_type=\"widget\" data-widget_type=\"divider.default\">\n\t\t\t\t<div class=\"elementor-widget-container\">\n\t\t\t<style>\/*! elementor - v3.10.1 - 17-01-2023 *\/\n.elementor-widget-divider{--divider-border-style:none;--divider-border-width:1px;--divider-color:#2c2c2c;--divider-icon-size:20px;--divider-element-spacing:10px;--divider-pattern-height:24px;--divider-pattern-size:20px;--divider-pattern-url:none;--divider-pattern-repeat:repeat-x}.elementor-widget-divider .elementor-divider{display:flex}.elementor-widget-divider .elementor-divider__text{font-size:15px;line-height:1;max-width:95%}.elementor-widget-divider .elementor-divider__element{margin:0 var(--divider-element-spacing);flex-shrink:0}.elementor-widget-divider .elementor-icon{font-size:var(--divider-icon-size)}.elementor-widget-divider .elementor-divider-separator{display:flex;margin:0;direction:ltr}.elementor-widget-divider--view-line_icon .elementor-divider-separator,.elementor-widget-divider--view-line_text .elementor-divider-separator{align-items:center}.elementor-widget-divider--view-line_icon .elementor-divider-separator:after,.elementor-widget-divider--view-line_icon .elementor-divider-separator:before,.elementor-widget-divider--view-line_text .elementor-divider-separator:after,.elementor-widget-divider--view-line_text .elementor-divider-separator:before{display:block;content:\"\";border-bottom:0;flex-grow:1;border-top:var(--divider-border-width) var(--divider-border-style) var(--divider-color)}.elementor-widget-divider--element-align-left .elementor-divider .elementor-divider-separator>.elementor-divider__svg:first-of-type{flex-grow:0;flex-shrink:100}.elementor-widget-divider--element-align-left .elementor-divider-separator:before{content:none}.elementor-widget-divider--element-align-left .elementor-divider__element{margin-left:0}.elementor-widget-divider--element-align-right .elementor-divider .elementor-divider-separator>.elementor-divider__svg:last-of-type{flex-grow:0;flex-shrink:100}.elementor-widget-divider--element-align-right .elementor-divider-separator:after{content:none}.elementor-widget-divider--element-align-right .elementor-divider__element{margin-right:0}.elementor-widget-divider:not(.elementor-widget-divider--view-line_text):not(.elementor-widget-divider--view-line_icon) .elementor-divider-separator{border-top:var(--divider-border-width) var(--divider-border-style) var(--divider-color)}.elementor-widget-divider--separator-type-pattern{--divider-border-style:none}.elementor-widget-divider--separator-type-pattern.elementor-widget-divider--view-line .elementor-divider-separator,.elementor-widget-divider--separator-type-pattern:not(.elementor-widget-divider--view-line) .elementor-divider-separator:after,.elementor-widget-divider--separator-type-pattern:not(.elementor-widget-divider--view-line) .elementor-divider-separator:before,.elementor-widget-divider--separator-type-pattern:not([class*=elementor-widget-divider--view]) .elementor-divider-separator{width:100%;min-height:var(--divider-pattern-height);-webkit-mask-size:var(--divider-pattern-size) 100%;mask-size:var(--divider-pattern-size) 100%;-webkit-mask-repeat:var(--divider-pattern-repeat);mask-repeat:var(--divider-pattern-repeat);background-color:var(--divider-color);-webkit-mask-image:var(--divider-pattern-url);mask-image:var(--divider-pattern-url)}.elementor-widget-divider--no-spacing{--divider-pattern-size:auto}.elementor-widget-divider--bg-round{--divider-pattern-repeat:round}.rtl .elementor-widget-divider .elementor-divider__text{direction:rtl}.e-con-inner>.elementor-widget-divider,.e-con>.elementor-widget-divider{width:var(--container-widget-width);--flex-grow:var(--container-widget-flex-grow)}<\/style>\t\t<div class=\"elementor-divider\">\n\t\t\t<span class=\"elementor-divider-separator\">\n\t\t\t\t\t\t<\/span>\n\t\t<\/div>\n\t\t\t\t<\/div>\n\t\t\t\t<\/div>\n\t\t\t\t<div class=\"elementor-element elementor-element-d0aad5c elementor-widget elementor-widget-text-editor\" data-id=\"d0aad5c\" data-element_type=\"widget\" data-widget_type=\"text-editor.default\">\n\t\t\t\t<div class=\"elementor-widget-container\">\n\t\t\t\t\t\t\t<p>LMP92_21: Estrategias frente a la despoblaci\u00f3n: enfoque multidisciplinar para una gesti\u00f3n<br \/>integrada, inclusiva y dinamizadora.<\/p>\n<p>PI: Vicente Pinilla<\/p>\n<p>N\u00ba of researchers: 33<\/p>\n<p>Funding<br \/>entity: Government of Arag\u00f3n.<\/p>\n<p>Start-End date: 18\/09\/2021 &#8211; 30\/09\/2023<\/p>\n\t\t\t\t\t\t<\/div>\n\t\t\t\t<\/div>\n\t\t\t\t<div class=\"elementor-element elementor-element-b549c70 elementor-widget elementor-widget-image\" data-id=\"b549c70\" data-element_type=\"widget\" data-widget_type=\"image.default\">\n\t\t\t\t<div class=\"elementor-widget-container\">\n\t\t\t\t\t\t\t\t\t\t\t\t\t\t\t<img loading=\"lazy\" decoding=\"async\" width=\"400\" height=\"104\" src=\"https:\/\/www.credenat.com\/wp-content\/uploads\/2022\/08\/european-commission.png\" class=\"attachment-full size-full wp-image-7039\" alt=\"\" srcset=\"https:\/\/www.credenat.com\/wp-content\/uploads\/2022\/08\/european-commission.png 400w, https:\/\/www.credenat.com\/wp-content\/uploads\/2022\/08\/european-commission-300x78.png 300w\" sizes=\"auto, (max-width: 400px) 100vw, 400px\" \/>\t\t\t\t\t\t\t\t\t\t\t\t\t\t\t<\/div>\n\t\t\t\t<\/div>\n\t\t\t\t<div class=\"elementor-element elementor-element-9c2ffae elementor-widget elementor-widget-text-editor\" data-id=\"9c2ffae\" data-element_type=\"widget\" data-widget_type=\"text-editor.default\">\n\t\t\t\t<div class=\"elementor-widget-container\">\n\t\t\t\t\t\t\t<p>ZERO WASTE: Awareness for reduction of food waste.<\/p>\n<p>P.I: Rafael Pag\u00e1n.<\/p>\n<p>N\u00ba of<br \/>researchers: 11<\/p>\n<p>Funding entity: European Commission<\/p>\n<p>Start-End date: 01\/12\/2020 &#8211; 30\/11\/2022<\/p>\n\t\t\t\t\t\t<\/div>\n\t\t\t\t<\/div>\n\t\t\t\t<div class=\"elementor-element elementor-element-e6e5fc7 elementor-widget elementor-widget-image\" data-id=\"e6e5fc7\" data-element_type=\"widget\" data-widget_type=\"image.default\">\n\t\t\t\t<div class=\"elementor-widget-container\">\n\t\t\t\t\t\t\t\t\t\t\t\t\t\t\t<img loading=\"lazy\" decoding=\"async\" width=\"306\" height=\"150\" src=\"https:\/\/www.credenat.com\/wp-content\/uploads\/2022\/08\/pnud.png\" class=\"attachment-full size-full wp-image-7040\" alt=\"\" srcset=\"https:\/\/www.credenat.com\/wp-content\/uploads\/2022\/08\/pnud.png 306w, https:\/\/www.credenat.com\/wp-content\/uploads\/2022\/08\/pnud-300x147.png 300w\" sizes=\"auto, (max-width: 306px) 100vw, 306px\" \/>\t\t\t\t\t\t\t\t\t\t\t\t\t\t\t<\/div>\n\t\t\t\t<\/div>\n\t\t\t\t<div class=\"elementor-element elementor-element-39ba01c elementor-widget elementor-widget-text-editor\" data-id=\"39ba01c\" data-element_type=\"widget\" data-widget_type=\"text-editor.default\">\n\t\t\t\t<div class=\"elementor-widget-container\">\n\t\t\t\t\t\t\t<p>Retos en el mercado de carbono: Viabilidad para el desarrollo de la captura de carbono en<br \/>Argentina.<\/p>\n<p>PI: Rosa Duarte and M\u00aa Luisa Feij\u00f3o.<\/p>\n<p>N\u00ba of researchers: 6<\/p>\n<p>Funding entity:<br \/>Programa de Naciones Unidas para el desarrollo.<\/p>\n<p>Start-End date: 18\/03\/2019 &#8211; 30\/09\/2019<\/p>\n\t\t\t\t\t\t<\/div>\n\t\t\t\t<\/div>\n\t\t\t\t<div class=\"elementor-element elementor-element-85caa32 elementor-widget-divider--view-line elementor-widget elementor-widget-divider\" data-id=\"85caa32\" data-element_type=\"widget\" data-widget_type=\"divider.default\">\n\t\t\t\t<div class=\"elementor-widget-container\">\n\t\t\t\t\t<div class=\"elementor-divider\">\n\t\t\t<span class=\"elementor-divider-separator\">\n\t\t\t\t\t\t<\/span>\n\t\t<\/div>\n\t\t\t\t<\/div>\n\t\t\t\t<\/div>\n\t\t\t\t<div class=\"elementor-element elementor-element-6b35145 elementor-widget elementor-widget-text-editor\" data-id=\"6b35145\" data-element_type=\"widget\" data-widget_type=\"text-editor.default\">\n\t\t\t\t<div class=\"elementor-widget-container\">\n\t\t\t\t\t\t\t<p>INDIECO: Actividades de dise\u00f1o, obtenci\u00f3n y evaluaci\u00f3n de indicadores socioecon\u00f3micos<br \/>y ambientales asociados al proyecto \u201cInnovaci\u00f3n en la distribuci\u00f3n agroecol\u00f3gica<br \/>(INDIECO), grupo de cooperaci\u00f3n Ecocentral Aragonesa\u201d.<\/p>\n<p>P.I: M\u00aa Rosa Duarte.<\/p>\n<p>N\u00ba of<br \/>researchers: 5<\/p>\n<p>Funding entity: Government of Arag\u00f3n<\/p>\n<p>Start-End date: 01\/08\/2018 &#8211; 30\/06\/2020<\/p>\n\t\t\t\t\t\t<\/div>\n\t\t\t\t<\/div>\n\t\t\t\t\t<\/div>\n\t\t<\/div>\n\t\t\t\t\t\t\t<\/div>\n\t\t<\/section>\n\t\t\t\t\t\t\t<\/div>\n\t\t","protected":false},"excerpt":{"rendered":"<p>Projects PID2019-106822RB-I00: Modelos multisectoriales y multirregionales, innovaci\u00f3n ydin\u00e1mica, para la sostenibilidad econ\u00f3mica, social y ambiental. P.I: M\u00aa Rosa Duarte N\u00ba ofresearchers: 11 Funding entity: Agencia Estatal de Investigaci\u00f3n. Start-End date:01\/06\/2020 &#8211; 31\/05\/2023 Esta\/e publicaci\u00f3n\/resultado\/equipamiento\/video\/actividad\/contrato\/otros es parte del\/de la proyecto de I+D+i PID2019-106822RB-I00 financiado\/a por MCIN\/ AEI\/10.13039\/501100011033 S40_20R. Grupo de investigaci\u00f3n consolidado Crecimiento, Demanda y RecursosNaturales. [&hellip;]<\/p>\n","protected":false},"author":1,"featured_media":0,"parent":0,"menu_order":0,"comment_status":"closed","ping_status":"closed","template":"template-homepage.php","meta":{"_mi_skip_tracking":false,"footnotes":""},"class_list":["post-7074","page","type-page","status-publish","hentry"],"yoast_head":"<!-- This site is optimized with the Yoast SEO plugin v20.0 - https:\/\/yoast.com\/wordpress\/plugins\/seo\/ -->\n<title>Projects - Credenat<\/title>\n<meta name=\"robots\" content=\"index, follow, max-snippet:-1, max-image-preview:large, max-video-preview:-1\" \/>\n<link rel=\"canonical\" href=\"https:\/\/www.credenat.com\/en\/projects\/\" \/>\n<meta property=\"og:locale\" content=\"en_US\" \/>\n<meta property=\"og:type\" content=\"article\" \/>\n<meta property=\"og:title\" content=\"Projects - Credenat\" \/>\n<meta property=\"og:description\" content=\"Projects PID2019-106822RB-I00: Modelos multisectoriales y multirregionales, innovaci\u00f3n ydin\u00e1mica, para la sostenibilidad econ\u00f3mica, social y ambiental. P.I: M\u00aa Rosa Duarte N\u00ba ofresearchers: 11 Funding entity: Agencia Estatal de Investigaci\u00f3n. Start-End date:01\/06\/2020 &#8211; 31\/05\/2023 Esta\/e publicaci\u00f3n\/resultado\/equipamiento\/video\/actividad\/contrato\/otros es parte del\/de la proyecto de I+D+i PID2019-106822RB-I00 financiado\/a por MCIN\/ AEI\/10.13039\/501100011033 S40_20R. Grupo de investigaci\u00f3n consolidado Crecimiento, Demanda y RecursosNaturales. [&hellip;]\" \/>\n<meta property=\"og:url\" content=\"https:\/\/www.credenat.com\/en\/projects\/\" \/>\n<meta property=\"og:site_name\" content=\"Credenat\" \/>\n<meta property=\"article:modified_time\" content=\"2022-11-08T09:54:14+00:00\" \/>\n<meta property=\"og:image\" content=\"https:\/\/www.credenat.com\/2022\/wp-content\/uploads\/2022\/08\/header.jpg\" \/>\n<meta name=\"twitter:card\" content=\"summary_large_image\" \/>\n<meta name=\"twitter:label1\" content=\"Est. reading time\" \/>\n\t<meta name=\"twitter:data1\" content=\"1 minute\" \/>\n<script type=\"application\/ld+json\" class=\"yoast-schema-graph\">{\"@context\":\"https:\/\/schema.org\",\"@graph\":[{\"@type\":\"WebPage\",\"@id\":\"https:\/\/www.credenat.com\/en\/projects\/\",\"url\":\"https:\/\/www.credenat.com\/en\/projects\/\",\"name\":\"Projects - Credenat\",\"isPartOf\":{\"@id\":\"https:\/\/www.credenat.com\/en\/#website\"},\"datePublished\":\"2022-08-29T08:48:04+00:00\",\"dateModified\":\"2022-11-08T09:54:14+00:00\",\"breadcrumb\":{\"@id\":\"https:\/\/www.credenat.com\/en\/projects\/#breadcrumb\"},\"inLanguage\":\"en-US\",\"potentialAction\":[{\"@type\":\"ReadAction\",\"target\":[\"https:\/\/www.credenat.com\/en\/projects\/\"]}]},{\"@type\":\"BreadcrumbList\",\"@id\":\"https:\/\/www.credenat.com\/en\/projects\/#breadcrumb\",\"itemListElement\":[{\"@type\":\"ListItem\",\"position\":1,\"name\":\"Portada\",\"item\":\"https:\/\/www.credenat.com\/en\/\"},{\"@type\":\"ListItem\",\"position\":2,\"name\":\"Projects\"}]},{\"@type\":\"WebSite\",\"@id\":\"https:\/\/www.credenat.com\/en\/#website\",\"url\":\"https:\/\/www.credenat.com\/en\/\",\"name\":\"Credenat\",\"description\":\"Crecimiento, Demanda y Recursos Naturales\",\"potentialAction\":[{\"@type\":\"SearchAction\",\"target\":{\"@type\":\"EntryPoint\",\"urlTemplate\":\"https:\/\/www.credenat.com\/en\/?s={search_term_string}\"},\"query-input\":\"required name=search_term_string\"}],\"inLanguage\":\"en-US\"}]}<\/script>\n<!-- \/ Yoast SEO plugin. -->","yoast_head_json":{"title":"Projects - Credenat","robots":{"index":"index","follow":"follow","max-snippet":"max-snippet:-1","max-image-preview":"max-image-preview:large","max-video-preview":"max-video-preview:-1"},"canonical":"https:\/\/www.credenat.com\/en\/projects\/","og_locale":"en_US","og_type":"article","og_title":"Projects - Credenat","og_description":"Projects PID2019-106822RB-I00: Modelos multisectoriales y multirregionales, innovaci\u00f3n ydin\u00e1mica, para la sostenibilidad econ\u00f3mica, social y ambiental. P.I: M\u00aa Rosa Duarte N\u00ba ofresearchers: 11 Funding entity: Agencia Estatal de Investigaci\u00f3n. Start-End date:01\/06\/2020 &#8211; 31\/05\/2023 Esta\/e publicaci\u00f3n\/resultado\/equipamiento\/video\/actividad\/contrato\/otros es parte del\/de la proyecto de I+D+i PID2019-106822RB-I00 financiado\/a por MCIN\/ AEI\/10.13039\/501100011033 S40_20R. Grupo de investigaci\u00f3n consolidado Crecimiento, Demanda y RecursosNaturales. [&hellip;]","og_url":"https:\/\/www.credenat.com\/en\/projects\/","og_site_name":"Credenat","article_modified_time":"2022-11-08T09:54:14+00:00","og_image":[{"url":"https:\/\/www.credenat.com\/2022\/wp-content\/uploads\/2022\/08\/header.jpg"}],"twitter_card":"summary_large_image","twitter_misc":{"Est. reading time":"1 minute"},"schema":{"@context":"https:\/\/schema.org","@graph":[{"@type":"WebPage","@id":"https:\/\/www.credenat.com\/en\/projects\/","url":"https:\/\/www.credenat.com\/en\/projects\/","name":"Projects - Credenat","isPartOf":{"@id":"https:\/\/www.credenat.com\/en\/#website"},"datePublished":"2022-08-29T08:48:04+00:00","dateModified":"2022-11-08T09:54:14+00:00","breadcrumb":{"@id":"https:\/\/www.credenat.com\/en\/projects\/#breadcrumb"},"inLanguage":"en-US","potentialAction":[{"@type":"ReadAction","target":["https:\/\/www.credenat.com\/en\/projects\/"]}]},{"@type":"BreadcrumbList","@id":"https:\/\/www.credenat.com\/en\/projects\/#breadcrumb","itemListElement":[{"@type":"ListItem","position":1,"name":"Portada","item":"https:\/\/www.credenat.com\/en\/"},{"@type":"ListItem","position":2,"name":"Projects"}]},{"@type":"WebSite","@id":"https:\/\/www.credenat.com\/en\/#website","url":"https:\/\/www.credenat.com\/en\/","name":"Credenat","description":"Crecimiento, Demanda y Recursos Naturales","potentialAction":[{"@type":"SearchAction","target":{"@type":"EntryPoint","urlTemplate":"https:\/\/www.credenat.com\/en\/?s={search_term_string}"},"query-input":"required name=search_term_string"}],"inLanguage":"en-US"}]}},"_links":{"self":[{"href":"https:\/\/www.credenat.com\/en\/wp-json\/wp\/v2\/pages\/7074","targetHints":{"allow":["GET"]}}],"collection":[{"href":"https:\/\/www.credenat.com\/en\/wp-json\/wp\/v2\/pages"}],"about":[{"href":"https:\/\/www.credenat.com\/en\/wp-json\/wp\/v2\/types\/page"}],"author":[{"embeddable":true,"href":"https:\/\/www.credenat.com\/en\/wp-json\/wp\/v2\/users\/1"}],"replies":[{"embeddable":true,"href":"https:\/\/www.credenat.com\/en\/wp-json\/wp\/v2\/comments?post=7074"}],"version-history":[{"count":1,"href":"https:\/\/www.credenat.com\/en\/wp-json\/wp\/v2\/pages\/7074\/revisions"}],"predecessor-version":[{"id":7075,"href":"https:\/\/www.credenat.com\/en\/wp-json\/wp\/v2\/pages\/7074\/revisions\/7075"}],"wp:attachment":[{"href":"https:\/\/www.credenat.com\/en\/wp-json\/wp\/v2\/media?parent=7074"}],"curies":[{"name":"wp","href":"https:\/\/api.w.org\/{rel}","templated":true}]}}