{"id":7491,"date":"2022-12-01T11:54:11","date_gmt":"2022-12-01T10:54:11","guid":{"rendered":"https:\/\/www.credenat.com\/2022\/alvaro-garcia-riazuelo\/"},"modified":"2023-01-24T13:17:14","modified_gmt":"2023-01-24T12:17:14","slug":"alvaro-garcia-riazuelo","status":"publish","type":"page","link":"https:\/\/www.credenat.com\/en\/alvaro-garcia-riazuelo\/","title":{"rendered":"\u00c1lvaro Garc\u00eda Riazuelo"},"content":{"rendered":"\t\t<div data-elementor-type=\"wp-page\" data-elementor-id=\"7491\" class=\"elementor elementor-7491 elementor-7477\">\n\t\t\t\t\t\t\t\t\t<section class=\"elementor-section elementor-top-section elementor-element elementor-element-5decc31 elementor-section-full_width elementor-section-height-default elementor-section-height-default\" data-id=\"5decc31\" data-element_type=\"section\">\n\t\t\t\t\t\t<div class=\"elementor-container elementor-column-gap-no\">\n\t\t\t\t\t<div class=\"elementor-column elementor-col-100 elementor-top-column elementor-element elementor-element-d7afa28\" data-id=\"d7afa28\" data-element_type=\"column\">\n\t\t\t<div class=\"elementor-widget-wrap elementor-element-populated\">\n\t\t\t\t\t\t\t\t<div class=\"elementor-element elementor-element-e718f1b elementor-widget elementor-widget-image\" data-id=\"e718f1b\" data-element_type=\"widget\" data-widget_type=\"image.default\">\n\t\t\t\t<div class=\"elementor-widget-container\">\n\t\t\t<style>\/*! elementor - v3.10.1 - 17-01-2023 *\/\n.elementor-widget-image{text-align:center}.elementor-widget-image a{display:inline-block}.elementor-widget-image a img[src$=\".svg\"]{width:48px}.elementor-widget-image img{vertical-align:middle;display:inline-block}<\/style>\t\t\t\t\t\t\t\t\t\t\t\t<img loading=\"lazy\" decoding=\"async\" width=\"1920\" height=\"200\" src=\"https:\/\/www.credenat.com\/wp-content\/uploads\/2022\/08\/header.jpg\" class=\"attachment-full size-full wp-image-7031\" alt=\"\" srcset=\"https:\/\/www.credenat.com\/wp-content\/uploads\/2022\/08\/header.jpg 1920w, https:\/\/www.credenat.com\/wp-content\/uploads\/2022\/08\/header-300x31.jpg 300w, https:\/\/www.credenat.com\/wp-content\/uploads\/2022\/08\/header-1024x107.jpg 1024w, https:\/\/www.credenat.com\/wp-content\/uploads\/2022\/08\/header-768x80.jpg 768w, https:\/\/www.credenat.com\/wp-content\/uploads\/2022\/08\/header-1536x160.jpg 1536w\" sizes=\"auto, (max-width: 1920px) 100vw, 1920px\" \/>\t\t\t\t\t\t\t\t\t\t\t\t\t\t\t<\/div>\n\t\t\t\t<\/div>\n\t\t\t\t\t<\/div>\n\t\t<\/div>\n\t\t\t\t\t\t\t<\/div>\n\t\t<\/section>\n\t\t\t\t<section class=\"elementor-section elementor-top-section elementor-element elementor-element-0d30f87 elementor-section-boxed elementor-section-height-default elementor-section-height-default\" data-id=\"0d30f87\" data-element_type=\"section\" data-settings=\"{&quot;background_background&quot;:&quot;classic&quot;}\">\n\t\t\t\t\t\t<div class=\"elementor-container elementor-column-gap-default\">\n\t\t\t\t\t<div class=\"elementor-column elementor-col-100 elementor-top-column elementor-element elementor-element-9f9afc8\" data-id=\"9f9afc8\" data-element_type=\"column\">\n\t\t\t<div class=\"elementor-widget-wrap elementor-element-populated\">\n\t\t\t\t\t\t\t\t<div class=\"elementor-element elementor-element-598c098 elementor-widget elementor-widget-heading\" data-id=\"598c098\" data-element_type=\"widget\" data-widget_type=\"heading.default\">\n\t\t\t\t<div class=\"elementor-widget-container\">\n\t\t\t<style>\/*! elementor - v3.10.1 - 17-01-2023 *\/\n.elementor-heading-title{padding:0;margin:0;line-height:1}.elementor-widget-heading .elementor-heading-title[class*=elementor-size-]>a{color:inherit;font-size:inherit;line-height:inherit}.elementor-widget-heading .elementor-heading-title.elementor-size-small{font-size:15px}.elementor-widget-heading .elementor-heading-title.elementor-size-medium{font-size:19px}.elementor-widget-heading .elementor-heading-title.elementor-size-large{font-size:29px}.elementor-widget-heading .elementor-heading-title.elementor-size-xl{font-size:39px}.elementor-widget-heading .elementor-heading-title.elementor-size-xxl{font-size:59px}<\/style><h1 class=\"elementor-heading-title elementor-size-default\">\u00c1lvaro Garc\u00eda-Riazuelo<\/h1>\t\t<\/div>\n\t\t\t\t<\/div>\n\t\t\t\t\t<\/div>\n\t\t<\/div>\n\t\t\t\t\t\t\t<\/div>\n\t\t<\/section>\n\t\t\t\t<section class=\"elementor-section elementor-top-section elementor-element elementor-element-290a089 elementor-section-boxed elementor-section-height-default elementor-section-height-default\" data-id=\"290a089\" data-element_type=\"section\">\n\t\t\t\t\t\t<div class=\"elementor-container elementor-column-gap-default\">\n\t\t\t\t\t<div class=\"elementor-column elementor-col-33 elementor-top-column elementor-element elementor-element-f46ef55\" data-id=\"f46ef55\" data-element_type=\"column\">\n\t\t\t<div class=\"elementor-widget-wrap elementor-element-populated\">\n\t\t\t\t\t\t\t\t<div class=\"elementor-element elementor-element-1dbdafa elementor-widget elementor-widget-image\" data-id=\"1dbdafa\" data-element_type=\"widget\" data-widget_type=\"image.default\">\n\t\t\t\t<div class=\"elementor-widget-container\">\n\t\t\t\t\t\t\t\t\t\t\t\t\t\t\t<img loading=\"lazy\" decoding=\"async\" width=\"1080\" height=\"1616\" src=\"https:\/\/www.credenat.com\/wp-content\/uploads\/2022\/12\/AG-1-e1669891525370.jpg\" class=\"attachment-full size-full wp-image-7481\" alt=\"\" \/>\t\t\t\t\t\t\t\t\t\t\t\t\t\t\t<\/div>\n\t\t\t\t<\/div>\n\t\t\t\t<div class=\"elementor-element elementor-element-1d044af elementor-widget elementor-widget-heading\" data-id=\"1d044af\" data-element_type=\"widget\" data-widget_type=\"heading.default\">\n\t\t\t\t<div class=\"elementor-widget-container\">\n\t\t\t<h2 class=\"elementor-heading-title elementor-size-large\">\u00c1lvaro Garc\u00eda Riazuelo<\/h2>\t\t<\/div>\n\t\t\t\t<\/div>\n\t\t\t\t<div class=\"elementor-element elementor-element-0d9abdc elementor-widget elementor-widget-creote-footer-contact-list-v1\" data-id=\"0d9abdc\" data-element_type=\"widget\" data-widget_type=\"creote-footer-contact-list-v1.default\">\n\t\t\t\t<div class=\"elementor-widget-container\">\n\t\t\t<div class=\"footer_contact_list dark_color type_one\">\r\n      <div class=\"same_contact phone\">\r\n            <span class=\"icon-telephone\"><\/span>\r\n            <div class=\"content\">\r\n                  <h6 class=\"titles\"> Phone<\/h6>\r\n                           <a href=\"tel:+34 876 55 47 28\">+34 876 55 47 28<\/a>\r\n               <\/div>\r\n   <\/div>\r\n   <\/div>\r\n\t\t<\/div>\n\t\t\t\t<\/div>\n\t\t\t\t<div class=\"elementor-element elementor-element-bbcec9f elementor-widget elementor-widget-creote-footer-contact-list-v1\" data-id=\"bbcec9f\" data-element_type=\"widget\" data-widget_type=\"creote-footer-contact-list-v1.default\">\n\t\t\t\t<div class=\"elementor-widget-container\">\n\t\t\t<div class=\"footer_contact_list dark_color type_one\">\r\n      <div class=\"same_contact mail\">\r\n            <span class=\"icon-mail\"><\/span>\r\n            <div class=\"content\">\r\n                  <h6 class=\"titles\"> E-Mail<\/h6>\r\n                           <a href=\"mailto:alvgarcia@unizar.es\">alvgarcia@unizar.es<\/a>\r\n               <\/div>\r\n   <\/div>\r\n   <\/div>\r\n\t\t<\/div>\n\t\t\t\t<\/div>\n\t\t\t\t<div class=\"elementor-element elementor-element-f07b77e elementor-widget elementor-widget-creote-themebtns-v1\" data-id=\"f07b77e\" data-element_type=\"widget\" data-widget_type=\"creote-themebtns-v1.default\">\n\t\t\t\t<div class=\"elementor-widget-container\">\n\t\t\t<div class=\"theme_btn_all color_one\">\r\n      <a href=\"https:\/\/scholar.google.com\/citations?user=LmEJ7GIAAAAJ&#038;hl=es\"   target=&quot;_blank&quot;  rel=&quot;nofollow&quot; class=\"theme-btn five\">\r\n   Publications Collection <i class=\"icon-right-arrow\"><\/i>\r\n   <\/a>\r\n   <\/div>\r\n\t\t<\/div>\n\t\t\t\t<\/div>\n\t\t\t\t\t<\/div>\n\t\t<\/div>\n\t\t\t\t<div class=\"elementor-column elementor-col-66 elementor-top-column elementor-element elementor-element-a9bafbd\" data-id=\"a9bafbd\" data-element_type=\"column\">\n\t\t\t<div class=\"elementor-widget-wrap elementor-element-populated\">\n\t\t\t\t\t\t\t\t<div class=\"elementor-element elementor-element-1dec693 elementor-widget elementor-widget-text-editor\" data-id=\"1dec693\" data-element_type=\"widget\" data-widget_type=\"text-editor.default\">\n\t\t\t\t<div class=\"elementor-widget-container\">\n\t\t\t<style>\/*! elementor - v3.10.1 - 17-01-2023 *\/\n.elementor-widget-text-editor.elementor-drop-cap-view-stacked .elementor-drop-cap{background-color:#818a91;color:#fff}.elementor-widget-text-editor.elementor-drop-cap-view-framed .elementor-drop-cap{color:#818a91;border:3px solid;background-color:transparent}.elementor-widget-text-editor:not(.elementor-drop-cap-view-default) .elementor-drop-cap{margin-top:8px}.elementor-widget-text-editor:not(.elementor-drop-cap-view-default) .elementor-drop-cap-letter{width:1em;height:1em}.elementor-widget-text-editor .elementor-drop-cap{float:left;text-align:center;line-height:1;font-size:50px}.elementor-widget-text-editor .elementor-drop-cap-letter{display:inline-block}<\/style>\t\t\t\t<p class=\"p1\">\u00c1lvaro Garc\u00eda Riazuelo is a PhD student in Economics at the University of Zaragoza. In 2021 he obtained a pre-doctoral grant from the Government of Aragon.<\/p><p class=\"p1\">His research topics are renewable energies and their impact on rural areas. It has published its results in <i>Energy Economics<\/i> and <i>Energy Reports<\/i>.<\/p>\t\t\t\t\t\t<\/div>\n\t\t\t\t<\/div>\n\t\t\t\t<div class=\"elementor-element elementor-element-8eae81b elementor-widget elementor-widget-heading\" data-id=\"8eae81b\" data-element_type=\"widget\" data-widget_type=\"heading.default\">\n\t\t\t\t<div class=\"elementor-widget-container\">\n\t\t\t<h3 class=\"elementor-heading-title elementor-size-medium\">Publications (selection)<\/h3>\t\t<\/div>\n\t\t\t\t<\/div>\n\t\t\t\t<div class=\"elementor-element elementor-element-7e95c6e elementor-widget elementor-widget-text-editor\" data-id=\"7e95c6e\" data-element_type=\"widget\" data-widget_type=\"text-editor.default\">\n\t\t\t\t<div class=\"elementor-widget-container\">\n\t\t\t\t\t\t\t<ul><li>Duarte, R., Garc\u00eda-Riazuelo, \u00c1., S\u00e1ez, L.A. and Sarasa, C. (2022). Analysing citizens\u2019 perceptions of renewable energies in rural areas: A case study on wind farms in Spain, <em>Energy Reports<\/em>, 8, 12822-12831.<\/li><li>Duarte, R., Garc\u00eda-Riazuelo, \u00c1., S\u00e1ez, L.A. and Sarasa, C. (2022): Economic and territorial integration of renewables in rural areas: Lessons from a long-term perspective. <em>Energy Economics<\/em>, 110, 106005.<\/li><\/ul>\t\t\t\t\t\t<\/div>\n\t\t\t\t<\/div>\n\t\t\t\t\t<\/div>\n\t\t<\/div>\n\t\t\t\t\t\t\t<\/div>\n\t\t<\/section>\n\t\t\t\t\t\t\t<\/div>\n\t\t","protected":false},"excerpt":{"rendered":"<p>\u00c1lvaro Garc\u00eda-Riazuelo \u00c1lvaro Garc\u00eda Riazuelo Phone +34 876 55 47 28 E-Mail alvgarcia@unizar.es Publications Collection \u00c1lvaro Garc\u00eda Riazuelo is a PhD student in Economics at the University of Zaragoza. In 2021 he obtained a pre-doctoral grant from the Government of Aragon. His research topics are renewable energies and their impact on rural areas. It has [&hellip;]<\/p>\n","protected":false},"author":1,"featured_media":0,"parent":0,"menu_order":0,"comment_status":"closed","ping_status":"closed","template":"template-homepage.php","meta":{"_mi_skip_tracking":false,"footnotes":""},"class_list":["post-7491","page","type-page","status-publish","hentry"],"yoast_head":"<!-- This site is optimized with the Yoast SEO plugin v20.0 - https:\/\/yoast.com\/wordpress\/plugins\/seo\/ -->\n<title>\u00c1lvaro Garc\u00eda Riazuelo - Credenat<\/title>\n<meta name=\"robots\" content=\"index, follow, max-snippet:-1, max-image-preview:large, max-video-preview:-1\" \/>\n<link rel=\"canonical\" href=\"https:\/\/www.credenat.com\/en\/alvaro-garcia-riazuelo\/\" \/>\n<meta property=\"og:locale\" content=\"en_US\" \/>\n<meta property=\"og:type\" content=\"article\" \/>\n<meta property=\"og:title\" content=\"\u00c1lvaro Garc\u00eda Riazuelo - Credenat\" \/>\n<meta property=\"og:description\" content=\"\u00c1lvaro Garc\u00eda-Riazuelo \u00c1lvaro Garc\u00eda Riazuelo Phone +34 876 55 47 28 E-Mail alvgarcia@unizar.es Publications Collection \u00c1lvaro Garc\u00eda Riazuelo is a PhD student in Economics at the University of Zaragoza. In 2021 he obtained a pre-doctoral grant from the Government of Aragon. His research topics are renewable energies and their impact on rural areas. It has [&hellip;]\" \/>\n<meta property=\"og:url\" content=\"https:\/\/www.credenat.com\/en\/alvaro-garcia-riazuelo\/\" \/>\n<meta property=\"og:site_name\" content=\"Credenat\" \/>\n<meta property=\"article:modified_time\" content=\"2023-01-24T12:17:14+00:00\" \/>\n<meta property=\"og:image\" content=\"https:\/\/www.credenat.com\/2022\/wp-content\/uploads\/2022\/08\/header.jpg\" \/>\n<meta name=\"twitter:card\" content=\"summary_large_image\" \/>\n<meta name=\"twitter:label1\" content=\"Est. reading time\" \/>\n\t<meta name=\"twitter:data1\" content=\"1 minute\" \/>\n<script type=\"application\/ld+json\" class=\"yoast-schema-graph\">{\"@context\":\"https:\/\/schema.org\",\"@graph\":[{\"@type\":\"WebPage\",\"@id\":\"https:\/\/www.credenat.com\/en\/alvaro-garcia-riazuelo\/\",\"url\":\"https:\/\/www.credenat.com\/en\/alvaro-garcia-riazuelo\/\",\"name\":\"\u00c1lvaro Garc\u00eda Riazuelo - Credenat\",\"isPartOf\":{\"@id\":\"https:\/\/www.credenat.com\/en\/#website\"},\"datePublished\":\"2022-12-01T10:54:11+00:00\",\"dateModified\":\"2023-01-24T12:17:14+00:00\",\"breadcrumb\":{\"@id\":\"https:\/\/www.credenat.com\/en\/alvaro-garcia-riazuelo\/#breadcrumb\"},\"inLanguage\":\"en-US\",\"potentialAction\":[{\"@type\":\"ReadAction\",\"target\":[\"https:\/\/www.credenat.com\/en\/alvaro-garcia-riazuelo\/\"]}]},{\"@type\":\"BreadcrumbList\",\"@id\":\"https:\/\/www.credenat.com\/en\/alvaro-garcia-riazuelo\/#breadcrumb\",\"itemListElement\":[{\"@type\":\"ListItem\",\"position\":1,\"name\":\"Portada\",\"item\":\"https:\/\/www.credenat.com\/en\/\"},{\"@type\":\"ListItem\",\"position\":2,\"name\":\"\u00c1lvaro Garc\u00eda Riazuelo\"}]},{\"@type\":\"WebSite\",\"@id\":\"https:\/\/www.credenat.com\/en\/#website\",\"url\":\"https:\/\/www.credenat.com\/en\/\",\"name\":\"Credenat\",\"description\":\"Crecimiento, Demanda y Recursos Naturales\",\"potentialAction\":[{\"@type\":\"SearchAction\",\"target\":{\"@type\":\"EntryPoint\",\"urlTemplate\":\"https:\/\/www.credenat.com\/en\/?s={search_term_string}\"},\"query-input\":\"required name=search_term_string\"}],\"inLanguage\":\"en-US\"}]}<\/script>\n<!-- \/ Yoast SEO plugin. -->","yoast_head_json":{"title":"\u00c1lvaro Garc\u00eda Riazuelo - Credenat","robots":{"index":"index","follow":"follow","max-snippet":"max-snippet:-1","max-image-preview":"max-image-preview:large","max-video-preview":"max-video-preview:-1"},"canonical":"https:\/\/www.credenat.com\/en\/alvaro-garcia-riazuelo\/","og_locale":"en_US","og_type":"article","og_title":"\u00c1lvaro Garc\u00eda Riazuelo - Credenat","og_description":"\u00c1lvaro Garc\u00eda-Riazuelo \u00c1lvaro Garc\u00eda Riazuelo Phone +34 876 55 47 28 E-Mail alvgarcia@unizar.es Publications Collection \u00c1lvaro Garc\u00eda Riazuelo is a PhD student in Economics at the University of Zaragoza. In 2021 he obtained a pre-doctoral grant from the Government of Aragon. His research topics are renewable energies and their impact on rural areas. It has [&hellip;]","og_url":"https:\/\/www.credenat.com\/en\/alvaro-garcia-riazuelo\/","og_site_name":"Credenat","article_modified_time":"2023-01-24T12:17:14+00:00","og_image":[{"url":"https:\/\/www.credenat.com\/2022\/wp-content\/uploads\/2022\/08\/header.jpg"}],"twitter_card":"summary_large_image","twitter_misc":{"Est. reading time":"1 minute"},"schema":{"@context":"https:\/\/schema.org","@graph":[{"@type":"WebPage","@id":"https:\/\/www.credenat.com\/en\/alvaro-garcia-riazuelo\/","url":"https:\/\/www.credenat.com\/en\/alvaro-garcia-riazuelo\/","name":"\u00c1lvaro Garc\u00eda Riazuelo - Credenat","isPartOf":{"@id":"https:\/\/www.credenat.com\/en\/#website"},"datePublished":"2022-12-01T10:54:11+00:00","dateModified":"2023-01-24T12:17:14+00:00","breadcrumb":{"@id":"https:\/\/www.credenat.com\/en\/alvaro-garcia-riazuelo\/#breadcrumb"},"inLanguage":"en-US","potentialAction":[{"@type":"ReadAction","target":["https:\/\/www.credenat.com\/en\/alvaro-garcia-riazuelo\/"]}]},{"@type":"BreadcrumbList","@id":"https:\/\/www.credenat.com\/en\/alvaro-garcia-riazuelo\/#breadcrumb","itemListElement":[{"@type":"ListItem","position":1,"name":"Portada","item":"https:\/\/www.credenat.com\/en\/"},{"@type":"ListItem","position":2,"name":"\u00c1lvaro Garc\u00eda Riazuelo"}]},{"@type":"WebSite","@id":"https:\/\/www.credenat.com\/en\/#website","url":"https:\/\/www.credenat.com\/en\/","name":"Credenat","description":"Crecimiento, Demanda y Recursos Naturales","potentialAction":[{"@type":"SearchAction","target":{"@type":"EntryPoint","urlTemplate":"https:\/\/www.credenat.com\/en\/?s={search_term_string}"},"query-input":"required name=search_term_string"}],"inLanguage":"en-US"}]}},"_links":{"self":[{"href":"https:\/\/www.credenat.com\/en\/wp-json\/wp\/v2\/pages\/7491","targetHints":{"allow":["GET"]}}],"collection":[{"href":"https:\/\/www.credenat.com\/en\/wp-json\/wp\/v2\/pages"}],"about":[{"href":"https:\/\/www.credenat.com\/en\/wp-json\/wp\/v2\/types\/page"}],"author":[{"embeddable":true,"href":"https:\/\/www.credenat.com\/en\/wp-json\/wp\/v2\/users\/1"}],"replies":[{"embeddable":true,"href":"https:\/\/www.credenat.com\/en\/wp-json\/wp\/v2\/comments?post=7491"}],"version-history":[{"count":9,"href":"https:\/\/www.credenat.com\/en\/wp-json\/wp\/v2\/pages\/7491\/revisions"}],"predecessor-version":[{"id":8309,"href":"https:\/\/www.credenat.com\/en\/wp-json\/wp\/v2\/pages\/7491\/revisions\/8309"}],"wp:attachment":[{"href":"https:\/\/www.credenat.com\/en\/wp-json\/wp\/v2\/media?parent=7491"}],"curies":[{"name":"wp","href":"https:\/\/api.w.org\/{rel}","templated":true}]}}