{"id":7564,"date":"2022-12-19T12:33:15","date_gmt":"2022-12-19T11:33:15","guid":{"rendered":"https:\/\/www.credenat.com\/2022\/?page_id=7564"},"modified":"2025-06-18T21:29:15","modified_gmt":"2025-06-18T19:29:15","slug":"ana-serrano","status":"publish","type":"page","link":"https:\/\/www.credenat.com\/en\/ana-serrano\/","title":{"rendered":"Ana Serrano"},"content":{"rendered":"\t\t<div data-elementor-type=\"wp-page\" data-elementor-id=\"7564\" class=\"elementor elementor-7564\">\n\t\t\t\t\t\t\t\t\t<section class=\"elementor-section elementor-top-section elementor-element elementor-element-5decc31 elementor-section-full_width elementor-section-height-default elementor-section-height-default\" data-id=\"5decc31\" data-element_type=\"section\">\n\t\t\t\t\t\t<div class=\"elementor-container elementor-column-gap-no\">\n\t\t\t\t\t<div class=\"elementor-column elementor-col-100 elementor-top-column elementor-element elementor-element-d7afa28\" data-id=\"d7afa28\" data-element_type=\"column\">\n\t\t\t<div class=\"elementor-widget-wrap elementor-element-populated\">\n\t\t\t\t\t\t\t\t<div class=\"elementor-element elementor-element-e718f1b elementor-widget elementor-widget-image\" data-id=\"e718f1b\" data-element_type=\"widget\" data-widget_type=\"image.default\">\n\t\t\t\t<div class=\"elementor-widget-container\">\n\t\t\t<style>\/*! elementor - v3.10.1 - 17-01-2023 *\/\n.elementor-widget-image{text-align:center}.elementor-widget-image a{display:inline-block}.elementor-widget-image a img[src$=\".svg\"]{width:48px}.elementor-widget-image img{vertical-align:middle;display:inline-block}<\/style>\t\t\t\t\t\t\t\t\t\t\t\t<img loading=\"lazy\" decoding=\"async\" width=\"1920\" height=\"200\" src=\"https:\/\/www.credenat.com\/wp-content\/uploads\/2022\/08\/header.jpg\" class=\"attachment-full size-full wp-image-7031\" alt=\"\" srcset=\"https:\/\/www.credenat.com\/wp-content\/uploads\/2022\/08\/header.jpg 1920w, https:\/\/www.credenat.com\/wp-content\/uploads\/2022\/08\/header-300x31.jpg 300w, https:\/\/www.credenat.com\/wp-content\/uploads\/2022\/08\/header-1024x107.jpg 1024w, https:\/\/www.credenat.com\/wp-content\/uploads\/2022\/08\/header-768x80.jpg 768w, https:\/\/www.credenat.com\/wp-content\/uploads\/2022\/08\/header-1536x160.jpg 1536w\" sizes=\"auto, (max-width: 1920px) 100vw, 1920px\" \/>\t\t\t\t\t\t\t\t\t\t\t\t\t\t\t<\/div>\n\t\t\t\t<\/div>\n\t\t\t\t\t<\/div>\n\t\t<\/div>\n\t\t\t\t\t\t\t<\/div>\n\t\t<\/section>\n\t\t\t\t<section class=\"elementor-section elementor-top-section elementor-element elementor-element-0d30f87 elementor-section-boxed elementor-section-height-default elementor-section-height-default\" data-id=\"0d30f87\" data-element_type=\"section\" data-settings=\"{&quot;background_background&quot;:&quot;classic&quot;}\">\n\t\t\t\t\t\t<div class=\"elementor-container elementor-column-gap-default\">\n\t\t\t\t\t<div class=\"elementor-column elementor-col-100 elementor-top-column elementor-element elementor-element-9f9afc8\" data-id=\"9f9afc8\" data-element_type=\"column\">\n\t\t\t<div class=\"elementor-widget-wrap elementor-element-populated\">\n\t\t\t\t\t\t\t\t<div class=\"elementor-element elementor-element-598c098 elementor-widget elementor-widget-heading\" data-id=\"598c098\" data-element_type=\"widget\" data-widget_type=\"heading.default\">\n\t\t\t\t<div class=\"elementor-widget-container\">\n\t\t\t<style>\/*! elementor - v3.10.1 - 17-01-2023 *\/\n.elementor-heading-title{padding:0;margin:0;line-height:1}.elementor-widget-heading .elementor-heading-title[class*=elementor-size-]>a{color:inherit;font-size:inherit;line-height:inherit}.elementor-widget-heading .elementor-heading-title.elementor-size-small{font-size:15px}.elementor-widget-heading .elementor-heading-title.elementor-size-medium{font-size:19px}.elementor-widget-heading .elementor-heading-title.elementor-size-large{font-size:29px}.elementor-widget-heading .elementor-heading-title.elementor-size-xl{font-size:39px}.elementor-widget-heading .elementor-heading-title.elementor-size-xxl{font-size:59px}<\/style><h1 class=\"elementor-heading-title elementor-size-default\">Ana Serrano<\/h1>\t\t<\/div>\n\t\t\t\t<\/div>\n\t\t\t\t\t<\/div>\n\t\t<\/div>\n\t\t\t\t\t\t\t<\/div>\n\t\t<\/section>\n\t\t\t\t<section class=\"elementor-section elementor-top-section elementor-element elementor-element-290a089 elementor-section-boxed elementor-section-height-default elementor-section-height-default\" data-id=\"290a089\" data-element_type=\"section\">\n\t\t\t\t\t\t<div class=\"elementor-container elementor-column-gap-default\">\n\t\t\t\t\t<div class=\"elementor-column elementor-col-33 elementor-top-column elementor-element elementor-element-f46ef55\" data-id=\"f46ef55\" data-element_type=\"column\">\n\t\t\t<div class=\"elementor-widget-wrap elementor-element-populated\">\n\t\t\t\t\t\t\t\t<div class=\"elementor-element elementor-element-1dbdafa elementor-widget elementor-widget-image\" data-id=\"1dbdafa\" data-element_type=\"widget\" data-widget_type=\"image.default\">\n\t\t\t\t<div class=\"elementor-widget-container\">\n\t\t\t\t\t\t\t\t\t\t\t\t\t\t\t<img loading=\"lazy\" decoding=\"async\" width=\"3704\" height=\"3968\" src=\"https:\/\/www.credenat.com\/wp-content\/uploads\/2022\/12\/ana.png\" class=\"attachment-full size-full wp-image-7971\" alt=\"\" srcset=\"https:\/\/www.credenat.com\/wp-content\/uploads\/2022\/12\/ana.png 3704w, https:\/\/www.credenat.com\/wp-content\/uploads\/2022\/12\/ana-280x300.png 280w, https:\/\/www.credenat.com\/wp-content\/uploads\/2022\/12\/ana-956x1024.png 956w, https:\/\/www.credenat.com\/wp-content\/uploads\/2022\/12\/ana-768x823.png 768w, https:\/\/www.credenat.com\/wp-content\/uploads\/2022\/12\/ana-1434x1536.png 1434w, https:\/\/www.credenat.com\/wp-content\/uploads\/2022\/12\/ana-1912x2048.png 1912w\" sizes=\"auto, (max-width: 3704px) 100vw, 3704px\" \/>\t\t\t\t\t\t\t\t\t\t\t\t\t\t\t<\/div>\n\t\t\t\t<\/div>\n\t\t\t\t<div class=\"elementor-element elementor-element-1d044af elementor-widget elementor-widget-heading\" data-id=\"1d044af\" data-element_type=\"widget\" data-widget_type=\"heading.default\">\n\t\t\t\t<div class=\"elementor-widget-container\">\n\t\t\t<h2 class=\"elementor-heading-title elementor-size-large\">Ana Serrano<\/h2>\t\t<\/div>\n\t\t\t\t<\/div>\n\t\t\t\t<div class=\"elementor-element elementor-element-0d9abdc elementor-widget elementor-widget-creote-footer-contact-list-v1\" data-id=\"0d9abdc\" data-element_type=\"widget\" data-widget_type=\"creote-footer-contact-list-v1.default\">\n\t\t\t\t<div class=\"elementor-widget-container\">\n\t\t\t<div class=\"footer_contact_list dark_color type_one\">\r\n      <div class=\"same_contact phone\">\r\n            <span class=\"icon-telephone\"><\/span>\r\n            <div class=\"content\">\r\n                  <h6 class=\"titles\"> Phone<\/h6>\r\n                           <a href=\"tel:+34 876 554631\">+34 876 554631<\/a>\r\n               <\/div>\r\n   <\/div>\r\n   <\/div>\r\n\t\t<\/div>\n\t\t\t\t<\/div>\n\t\t\t\t<div class=\"elementor-element elementor-element-bbcec9f elementor-widget elementor-widget-creote-footer-contact-list-v1\" data-id=\"bbcec9f\" data-element_type=\"widget\" data-widget_type=\"creote-footer-contact-list-v1.default\">\n\t\t\t\t<div class=\"elementor-widget-container\">\n\t\t\t<div class=\"footer_contact_list dark_color type_one\">\r\n      <div class=\"same_contact mail\">\r\n            <span class=\"icon-mail\"><\/span>\r\n            <div class=\"content\">\r\n                  <h6 class=\"titles\"> E-Mail<\/h6>\r\n                           <a href=\"mailto:asergon@unizar.es\">asergon@unizar.es<\/a>\r\n               <\/div>\r\n   <\/div>\r\n   <\/div>\r\n\t\t<\/div>\n\t\t\t\t<\/div>\n\t\t\t\t<div class=\"elementor-element elementor-element-f07b77e elementor-widget elementor-widget-creote-themebtns-v1\" data-id=\"f07b77e\" data-element_type=\"widget\" data-widget_type=\"creote-themebtns-v1.default\">\n\t\t\t\t<div class=\"elementor-widget-container\">\n\t\t\t<div class=\"theme_btn_all color_one\">\r\n      <a href=\"https:\/\/scholar.google.es\/citations?user=c-ZnWWIAAAAJ&#038;hl=es\"   target=&quot;_blank&quot;  rel=&quot;nofollow&quot; class=\"theme-btn five\">\r\n   Publications Collection <i class=\"icon-right-arrow\"><\/i>\r\n   <\/a>\r\n   <\/div>\r\n\t\t<\/div>\n\t\t\t\t<\/div>\n\t\t\t\t\t<\/div>\n\t\t<\/div>\n\t\t\t\t<div class=\"elementor-column elementor-col-66 elementor-top-column elementor-element elementor-element-a9bafbd\" data-id=\"a9bafbd\" data-element_type=\"column\">\n\t\t\t<div class=\"elementor-widget-wrap elementor-element-populated\">\n\t\t\t\t\t\t\t\t<div class=\"elementor-element elementor-element-1dec693 elementor-widget elementor-widget-text-editor\" data-id=\"1dec693\" data-element_type=\"widget\" data-widget_type=\"text-editor.default\">\n\t\t\t\t<div class=\"elementor-widget-container\">\n\t\t\t<style>\/*! elementor - v3.10.1 - 17-01-2023 *\/\n.elementor-widget-text-editor.elementor-drop-cap-view-stacked .elementor-drop-cap{background-color:#818a91;color:#fff}.elementor-widget-text-editor.elementor-drop-cap-view-framed .elementor-drop-cap{color:#818a91;border:3px solid;background-color:transparent}.elementor-widget-text-editor:not(.elementor-drop-cap-view-default) .elementor-drop-cap{margin-top:8px}.elementor-widget-text-editor:not(.elementor-drop-cap-view-default) .elementor-drop-cap-letter{width:1em;height:1em}.elementor-widget-text-editor .elementor-drop-cap{float:left;text-align:center;line-height:1;font-size:50px}.elementor-widget-text-editor .elementor-drop-cap-letter{display:inline-block}<\/style>\t\t\t\t<p>Ana Serrano holds a Ph.D. in Economics from the University of Zaragoza, where she serves as an Associate Professor in the Fundamentals of Economic Analysis area. She is also an active member of the Arag\u00f3n Agri-Food Institute (IA2). Her main research interests lie at the intersection of economics and the environment, with a particular focus on water resource management and usage.<\/p>\n<p>In recent years, her work has centered on analyzing the economic and demographic impacts of agricultural and water management policies over time. She has an extensive scientific output, including more than 30 publications, many of which appear in journals indexed in the Journal Citation Reports, such as <em>Ecological Economics<\/em>, <em>Environmental and Resource Economics<\/em>, <em>Journal of Rural Studies<\/em>, and <em>Economic Systems Research<\/em>, among others. Additionally, she has participated in numerous competitive research projects funded by institutions such as the European Commission, the Ministry of Science and Innovation, and the Government of Arag\u00f3n.<\/p>\t\t\t\t\t\t<\/div>\n\t\t\t\t<\/div>\n\t\t\t\t<div class=\"elementor-element elementor-element-8eae81b elementor-widget elementor-widget-heading\" data-id=\"8eae81b\" data-element_type=\"widget\" data-widget_type=\"heading.default\">\n\t\t\t\t<div class=\"elementor-widget-container\">\n\t\t\t<h3 class=\"elementor-heading-title elementor-size-medium\">Publications (selection)<\/h3>\t\t<\/div>\n\t\t\t\t<\/div>\n\t\t\t\t<div class=\"elementor-element elementor-element-7e95c6e elementor-widget elementor-widget-text-editor\" data-id=\"7e95c6e\" data-element_type=\"widget\" data-widget_type=\"text-editor.default\">\n\t\t\t\t<div class=\"elementor-widget-container\">\n\t\t\t\t\t\t\t<ul>\n<li><span lang=\"EN-GB\">Rodr\u00edguez-L\u00f3pez, G., Serrano, A., Mart\u00edn-Retortillo, M.; Cazcarro, I. 2025. HISTORECO: Historical Spanish transition database on climate, geography and economics of the 20th-21st century.&nbsp;<\/span>Scientific Data.&nbsp;12, 810.&nbsp;<a href=\"https:\/\/doi.org\/10.1038\/s41597-025-05055-z\" style=\"color: rgb(0, 119, 60);\">https:\/\/doi.org\/10.1038\/s41597-025-05055-z.<\/a><\/li><li style=\"text-align: justify;\">Ortuzar, Iban, Ana Serrano, Angels Xabadia, and Roy Brouwer. 2025. &#8220;Balancing Efficiency and Inequality in a Non-Linear Multi-Regional Water Allocation Optimization Model.&#8221; <i>Environmental and Resource Economics<\/i>.&nbsp;<a style=\"font-weight: var( --e-global-typography-text-font-weight ); background-color: #ffffff;\" href=\"https:\/\/doi.org\/10.1007\/s10640-024-00948-w\">https:\/\/doi.org\/10.1007\/s10640-024-00948-w<\/a>.<\/li>\n<li style=\"text-align: justify;\"><span style=\"font-family: var(--creote-family-two); color: var( --e-global-color-text ); text-align: justify;\" data-contrast=\"auto\">Serrano, Ana, Ignacio Cazcarro, Miguel Mart\u00edn-Retortillo, and Guillermo Rodr\u00edguez-L\u00f3pez. <\/span><span style=\"font-family: var(--creote-family-two); color: var( --e-global-color-text ); text-align: justify;\" data-contrast=\"auto\">2024. \u201cEurope\u2019s Orchard: The Role of Irrigation on the Spanish Agricultural Production.\u201d <\/span><i style=\"font-family: var(--creote-family-two); color: var( --e-global-color-text ); text-align: justify;\"><span data-contrast=\"auto\">Journal of Rural Studies<\/span><\/i><span style=\"font-family: var(--creote-family-two); color: var( --e-global-color-text ); text-align: justify;\" data-contrast=\"auto\"> 110 (August): 103376. <\/span><a style=\"font-family: var(--creote-family-two); text-align: justify; background-color: #ffffff;\" href=\"https:\/\/doi.org\/10.1016\/J.JRURSTUD.2024.103376\"><span data-contrast=\"none\">https:\/\/doi.org\/10.1016\/J.JRURSTUD.2024.103376<\/span><\/a><span style=\"font-family: var(--creote-family-two); color: var( --e-global-color-text ); text-align: justify;\" data-contrast=\"auto\">.&nbsp;<\/span><span style=\"font-family: var(--creote-family-two); color: var( --e-global-color-text ); text-align: justify;\" data-ccp-props=\"{&quot;201341983&quot;:0,&quot;335551550&quot;:6,&quot;335551620&quot;:6,&quot;335559739&quot;:0,&quot;335559740&quot;:240}\">&nbsp;<\/span><\/li>\n<li style=\"text-align: justify;\"><span data-contrast=\"auto\">Ortuzar, Iban, Ana Serrano, and \u00c0ngels Xabadia. <\/span><span data-contrast=\"auto\">2023. \u201cMacroeconomic Impacts of Water Allocation under Droughts. Accounting for Global Supply Chains in a Multiregional Context.\u201d <\/span><i><span data-contrast=\"auto\">Ecological Economics<\/span><\/i><span data-contrast=\"auto\"> 211 (September): 107904. <\/span><a href=\"https:\/\/doi.org\/10.1016\/J.ECOLECON.2023.107904\"><span data-contrast=\"none\">https:\/\/doi.org\/10.1016\/J.ECOLECON.2023.107904<\/span><\/a><span data-contrast=\"auto\">.<\/span><span data-ccp-props=\"{&quot;201341983&quot;:0,&quot;335551550&quot;:6,&quot;335551620&quot;:6,&quot;335559739&quot;:0,&quot;335559740&quot;:240}\">&nbsp;<\/span><\/li>\n<li style=\"text-align: justify;\">Duarte, Rosa, and Ana Serrano. 2021. \u201cEnvironmental analysis of structural and technological change in a context of trade expansion: Lessons from the EU enlargement.\u201d <em>Energy Policy<\/em> 150, 112142.&nbsp;<span style=\"color: var( --e-global-color-text ); font-weight: var( --e-global-typography-text-font-weight );\" data-contrast=\"auto\">&nbsp;<\/span><a style=\"font-weight: var( --e-global-typography-text-font-weight ); background-color: #ffffff;\" href=\"https:\/\/doi.org\/10.1016\/J.JRURSTUD.2024.103376\"><span data-contrast=\"none\">https:\/\/doi.org\/<\/span><\/a><a style=\"font-family: var(--creote-family-two); background-color: #ffffff;\" href=\"https:\/\/doi.org\/10.1016\/j.enpol.2021.112142\" target=\"_blank\" rel=\"noopener\">10.1016\/j.enpol.2021.112142<\/a><span style=\"font-family: var(--creote-family-two); color: var( --e-global-color-text );\">.<\/span><\/li>\n<li style=\"text-align: justify;\"><span style=\"color: var( --e-global-color-text ); font-weight: var( --e-global-typography-text-font-weight );\">Duarte, Rosa<\/span>, Vicente Pinilla, and Ana Serrano. 2019. \u201cLong term drivers of global virtual water trade: A trade gravity approach for 1965\u20132010.\u201d <em>Ecological Economics<\/em> 156, 318-326.&nbsp;<span data-contrast=\"auto\">&nbsp;<\/span><a style=\"background-color: #ffffff;\" href=\"https:\/\/doi.org\/10.1016\/J.JRURSTUD.2024.103376\"><span data-contrast=\"none\">https:\/\/doi.org\/<\/span><\/a><a href=\"https:\/\/doi.org\/10.1016\/j.ecolecon.2018.10.012\" target=\"_blank\" rel=\"noopener\">10.1016\/j.ecolecon.2018.10.012<\/a>.<\/li>\n<li style=\"text-align: justify;\"><span style=\"color: var( --e-global-color-text ); font-weight: var( --e-global-typography-text-font-weight );\">Duarte, Rosa<\/span><span style=\"color: var( --e-global-color-text ); font-weight: var( --e-global-typography-text-font-weight );\">, Vicente Pinilla, and Ana Serrano.<\/span>&nbsp;2018. \u201cFactors driving embodied carbon in international trade: a multiregional input\u2013output gravity model.\u201d <em>Economic Systems Research<\/em> 30:4, 545-566.&nbsp;<span data-contrast=\"auto\">&nbsp;<\/span><a style=\"background-color: #ffffff;\" href=\"https:\/\/doi.org\/10.1016\/J.JRURSTUD.2024.103376\"><span data-contrast=\"none\">https:\/\/doi.org\/<\/span><\/a><a href=\"https:\/\/doi.org\/10.1080\/09535314.2018.1450226\" target=\"_blank\" rel=\"noopener\">10.1080\/09535314.2018.1450226<\/a><\/li>\n<li style=\"text-align: justify;\"><span style=\"color: var( --e-global-color-text ); font-weight: var( --e-global-typography-text-font-weight );\">Duarte, Rosa<\/span><span style=\"color: var( --e-global-color-text ); font-weight: var( --e-global-typography-text-font-weight );\">, Vicente Pinilla, and Ana Serrano.<\/span>&nbsp;2013. \u201cIs there an environmental Kuznets curve for water use? A panel smooth transition regression approach-\u201d <em>Economic Modelling<\/em> 13, 518-527.&nbsp;<span data-contrast=\"auto\">&nbsp;<\/span><a style=\"background-color: #ffffff;\" href=\"https:\/\/doi.org\/10.1016\/J.JRURSTUD.2024.103376\"><span data-contrast=\"none\">https:\/\/doi.org\/<\/span><\/a><a href=\"https:\/\/doi.org\/10.1016\/j.econmod.2012.12.010\" target=\"_blank\" rel=\"noopener\">10.1016\/j.econmod.2012.12.010<\/a>.&nbsp;<\/li>\n<\/ul>\t\t\t\t\t\t<\/div>\n\t\t\t\t<\/div>\n\t\t\t\t\t<\/div>\n\t\t<\/div>\n\t\t\t\t\t\t\t<\/div>\n\t\t<\/section>\n\t\t\t\t<section class=\"elementor-section elementor-top-section elementor-element elementor-element-a5555c2 elementor-section-boxed elementor-section-height-default elementor-section-height-default\" data-id=\"a5555c2\" data-element_type=\"section\">\n\t\t\t\t\t\t<div class=\"elementor-container elementor-column-gap-default\">\n\t\t\t\t\t<div class=\"elementor-column elementor-col-100 elementor-top-column elementor-element elementor-element-154dac2\" data-id=\"154dac2\" data-element_type=\"column\">\n\t\t\t<div class=\"elementor-widget-wrap elementor-element-populated\">\n\t\t\t\t\t\t\t\t<div class=\"elementor-element elementor-element-0e2a8dc elementor-widget elementor-widget-text-editor\" data-id=\"0e2a8dc\" data-element_type=\"widget\" data-widget_type=\"text-editor.default\">\n\t\t\t\t<div class=\"elementor-widget-container\">\n\t\t\t\t\t\t\t<p style=\"text-align: center;\"><span style=\"font-weight: bolder; font-family: var(--creote-family-one);\">Recently developed database (link out of the website):\u00a0<\/span><a href=\"https:\/\/historeco.unizar.es\/\"><img loading=\"lazy\" decoding=\"async\" src=\"https:\/\/www.credenat.com\/wp-content\/uploads\/2025\/01\/historeco.png\" alt=\"\" width=\"149\" height=\"41\" \/><\/a><\/p><p style=\"text-align: center;\"><span style=\"font-weight: bolder; font-family: var(--creote-family-one);\"><a style=\"margin: 0px; font-family: var(--creote-family-one); word-break: break-word;\" href=\"https:\/\/historeco.unizar.es\/\" target=\"_blank\" rel=\"noopener\"><u>HIstorical Spanish Transition database On climate, geogRaphy and Economics<\/u><\/a>\u00a0 \u00a0<\/span>\u00a0<strong>\u00a0<\/strong><\/p>\t\t\t\t\t\t<\/div>\n\t\t\t\t<\/div>\n\t\t\t\t\t<\/div>\n\t\t<\/div>\n\t\t\t\t\t\t\t<\/div>\n\t\t<\/section>\n\t\t\t\t\t\t\t<\/div>\n\t\t","protected":false},"excerpt":{"rendered":"<p>Ana Serrano Ana Serrano Phone +34 876 554631 E-Mail asergon@unizar.es Publications Collection Ana Serrano holds a Ph.D. in Economics from the University of Zaragoza, where she serves as an Associate Professor in the Fundamentals of Economic Analysis area. She is also an active member of the Arag\u00f3n Agri-Food Institute (IA2). Her main research interests lie [&hellip;]<\/p>\n","protected":false},"author":1,"featured_media":0,"parent":0,"menu_order":0,"comment_status":"closed","ping_status":"closed","template":"template-homepage.php","meta":{"_mi_skip_tracking":false,"footnotes":""},"class_list":["post-7564","page","type-page","status-publish","hentry"],"yoast_head":"<!-- This site is optimized with the Yoast SEO plugin v20.0 - https:\/\/yoast.com\/wordpress\/plugins\/seo\/ -->\n<title>Ana Serrano - Credenat<\/title>\n<meta name=\"robots\" content=\"index, follow, max-snippet:-1, max-image-preview:large, max-video-preview:-1\" \/>\n<link rel=\"canonical\" href=\"https:\/\/www.credenat.com\/en\/ana-serrano\/\" \/>\n<meta property=\"og:locale\" content=\"en_US\" \/>\n<meta property=\"og:type\" content=\"article\" \/>\n<meta property=\"og:title\" content=\"Ana Serrano - Credenat\" \/>\n<meta property=\"og:description\" content=\"Ana Serrano Ana Serrano Phone +34 876 554631 E-Mail asergon@unizar.es Publications Collection Ana Serrano holds a Ph.D. in Economics from the University of Zaragoza, where she serves as an Associate Professor in the Fundamentals of Economic Analysis area. She is also an active member of the Arag\u00f3n Agri-Food Institute (IA2). Her main research interests lie [&hellip;]\" \/>\n<meta property=\"og:url\" content=\"https:\/\/www.credenat.com\/en\/ana-serrano\/\" \/>\n<meta property=\"og:site_name\" content=\"Credenat\" \/>\n<meta property=\"article:modified_time\" content=\"2025-06-18T19:29:15+00:00\" \/>\n<meta property=\"og:image\" content=\"https:\/\/www.credenat.com\/wp-content\/uploads\/2022\/08\/header.jpg\" \/>\n<meta name=\"twitter:card\" content=\"summary_large_image\" \/>\n<meta name=\"twitter:label1\" content=\"Est. reading time\" \/>\n\t<meta name=\"twitter:data1\" content=\"3 minutes\" \/>\n<script type=\"application\/ld+json\" class=\"yoast-schema-graph\">{\"@context\":\"https:\/\/schema.org\",\"@graph\":[{\"@type\":\"WebPage\",\"@id\":\"https:\/\/www.credenat.com\/en\/ana-serrano\/\",\"url\":\"https:\/\/www.credenat.com\/en\/ana-serrano\/\",\"name\":\"Ana Serrano - Credenat\",\"isPartOf\":{\"@id\":\"https:\/\/www.credenat.com\/en\/#website\"},\"datePublished\":\"2022-12-19T11:33:15+00:00\",\"dateModified\":\"2025-06-18T19:29:15+00:00\",\"breadcrumb\":{\"@id\":\"https:\/\/www.credenat.com\/en\/ana-serrano\/#breadcrumb\"},\"inLanguage\":\"en-US\",\"potentialAction\":[{\"@type\":\"ReadAction\",\"target\":[\"https:\/\/www.credenat.com\/en\/ana-serrano\/\"]}]},{\"@type\":\"BreadcrumbList\",\"@id\":\"https:\/\/www.credenat.com\/en\/ana-serrano\/#breadcrumb\",\"itemListElement\":[{\"@type\":\"ListItem\",\"position\":1,\"name\":\"Portada\",\"item\":\"https:\/\/www.credenat.com\/en\/\"},{\"@type\":\"ListItem\",\"position\":2,\"name\":\"Ana Serrano\"}]},{\"@type\":\"WebSite\",\"@id\":\"https:\/\/www.credenat.com\/en\/#website\",\"url\":\"https:\/\/www.credenat.com\/en\/\",\"name\":\"Credenat\",\"description\":\"Crecimiento, Demanda y Recursos Naturales\",\"potentialAction\":[{\"@type\":\"SearchAction\",\"target\":{\"@type\":\"EntryPoint\",\"urlTemplate\":\"https:\/\/www.credenat.com\/en\/?s={search_term_string}\"},\"query-input\":\"required name=search_term_string\"}],\"inLanguage\":\"en-US\"}]}<\/script>\n<!-- \/ Yoast SEO plugin. -->","yoast_head_json":{"title":"Ana Serrano - Credenat","robots":{"index":"index","follow":"follow","max-snippet":"max-snippet:-1","max-image-preview":"max-image-preview:large","max-video-preview":"max-video-preview:-1"},"canonical":"https:\/\/www.credenat.com\/en\/ana-serrano\/","og_locale":"en_US","og_type":"article","og_title":"Ana Serrano - Credenat","og_description":"Ana Serrano Ana Serrano Phone +34 876 554631 E-Mail asergon@unizar.es Publications Collection Ana Serrano holds a Ph.D. in Economics from the University of Zaragoza, where she serves as an Associate Professor in the Fundamentals of Economic Analysis area. She is also an active member of the Arag\u00f3n Agri-Food Institute (IA2). Her main research interests lie [&hellip;]","og_url":"https:\/\/www.credenat.com\/en\/ana-serrano\/","og_site_name":"Credenat","article_modified_time":"2025-06-18T19:29:15+00:00","og_image":[{"url":"https:\/\/www.credenat.com\/wp-content\/uploads\/2022\/08\/header.jpg"}],"twitter_card":"summary_large_image","twitter_misc":{"Est. reading time":"3 minutes"},"schema":{"@context":"https:\/\/schema.org","@graph":[{"@type":"WebPage","@id":"https:\/\/www.credenat.com\/en\/ana-serrano\/","url":"https:\/\/www.credenat.com\/en\/ana-serrano\/","name":"Ana Serrano - Credenat","isPartOf":{"@id":"https:\/\/www.credenat.com\/en\/#website"},"datePublished":"2022-12-19T11:33:15+00:00","dateModified":"2025-06-18T19:29:15+00:00","breadcrumb":{"@id":"https:\/\/www.credenat.com\/en\/ana-serrano\/#breadcrumb"},"inLanguage":"en-US","potentialAction":[{"@type":"ReadAction","target":["https:\/\/www.credenat.com\/en\/ana-serrano\/"]}]},{"@type":"BreadcrumbList","@id":"https:\/\/www.credenat.com\/en\/ana-serrano\/#breadcrumb","itemListElement":[{"@type":"ListItem","position":1,"name":"Portada","item":"https:\/\/www.credenat.com\/en\/"},{"@type":"ListItem","position":2,"name":"Ana Serrano"}]},{"@type":"WebSite","@id":"https:\/\/www.credenat.com\/en\/#website","url":"https:\/\/www.credenat.com\/en\/","name":"Credenat","description":"Crecimiento, Demanda y Recursos Naturales","potentialAction":[{"@type":"SearchAction","target":{"@type":"EntryPoint","urlTemplate":"https:\/\/www.credenat.com\/en\/?s={search_term_string}"},"query-input":"required name=search_term_string"}],"inLanguage":"en-US"}]}},"_links":{"self":[{"href":"https:\/\/www.credenat.com\/en\/wp-json\/wp\/v2\/pages\/7564","targetHints":{"allow":["GET"]}}],"collection":[{"href":"https:\/\/www.credenat.com\/en\/wp-json\/wp\/v2\/pages"}],"about":[{"href":"https:\/\/www.credenat.com\/en\/wp-json\/wp\/v2\/types\/page"}],"author":[{"embeddable":true,"href":"https:\/\/www.credenat.com\/en\/wp-json\/wp\/v2\/users\/1"}],"replies":[{"embeddable":true,"href":"https:\/\/www.credenat.com\/en\/wp-json\/wp\/v2\/comments?post=7564"}],"version-history":[{"count":39,"href":"https:\/\/www.credenat.com\/en\/wp-json\/wp\/v2\/pages\/7564\/revisions"}],"predecessor-version":[{"id":8926,"href":"https:\/\/www.credenat.com\/en\/wp-json\/wp\/v2\/pages\/7564\/revisions\/8926"}],"wp:attachment":[{"href":"https:\/\/www.credenat.com\/en\/wp-json\/wp\/v2\/media?parent=7564"}],"curies":[{"name":"wp","href":"https:\/\/api.w.org\/{rel}","templated":true}]}}