{"id":7931,"date":"2022-12-21T16:31:53","date_gmt":"2022-12-21T15:31:53","guid":{"rendered":"https:\/\/www.credenat.com\/2022\/?page_id=7931"},"modified":"2023-01-24T10:29:20","modified_gmt":"2023-01-24T09:29:20","slug":"miguel-almazan","status":"publish","type":"page","link":"https:\/\/www.credenat.com\/en\/miguel-almazan\/","title":{"rendered":"Miguel \u00c1ngel Almaz\u00e1n Gom\u00e9z"},"content":{"rendered":"\t\t<div data-elementor-type=\"wp-page\" data-elementor-id=\"7931\" class=\"elementor elementor-7931 elementor-7925\">\n\t\t\t\t\t\t\t\t\t<section class=\"elementor-section elementor-top-section elementor-element elementor-element-5decc31 elementor-section-full_width elementor-section-height-default elementor-section-height-default\" data-id=\"5decc31\" data-element_type=\"section\">\n\t\t\t\t\t\t<div class=\"elementor-container elementor-column-gap-no\">\n\t\t\t\t\t<div class=\"elementor-column elementor-col-100 elementor-top-column elementor-element elementor-element-d7afa28\" data-id=\"d7afa28\" data-element_type=\"column\">\n\t\t\t<div class=\"elementor-widget-wrap elementor-element-populated\">\n\t\t\t\t\t\t\t\t<div class=\"elementor-element elementor-element-e718f1b elementor-widget elementor-widget-image\" data-id=\"e718f1b\" data-element_type=\"widget\" data-widget_type=\"image.default\">\n\t\t\t\t<div class=\"elementor-widget-container\">\n\t\t\t<style>\/*! elementor - v3.10.1 - 17-01-2023 *\/\n.elementor-widget-image{text-align:center}.elementor-widget-image a{display:inline-block}.elementor-widget-image a img[src$=\".svg\"]{width:48px}.elementor-widget-image img{vertical-align:middle;display:inline-block}<\/style>\t\t\t\t\t\t\t\t\t\t\t\t<img loading=\"lazy\" decoding=\"async\" width=\"1920\" height=\"200\" src=\"https:\/\/www.credenat.com\/wp-content\/uploads\/2022\/08\/header.jpg\" class=\"attachment-full size-full wp-image-7031\" alt=\"\" srcset=\"https:\/\/www.credenat.com\/wp-content\/uploads\/2022\/08\/header.jpg 1920w, https:\/\/www.credenat.com\/wp-content\/uploads\/2022\/08\/header-300x31.jpg 300w, https:\/\/www.credenat.com\/wp-content\/uploads\/2022\/08\/header-1024x107.jpg 1024w, https:\/\/www.credenat.com\/wp-content\/uploads\/2022\/08\/header-768x80.jpg 768w, https:\/\/www.credenat.com\/wp-content\/uploads\/2022\/08\/header-1536x160.jpg 1536w\" sizes=\"auto, (max-width: 1920px) 100vw, 1920px\" \/>\t\t\t\t\t\t\t\t\t\t\t\t\t\t\t<\/div>\n\t\t\t\t<\/div>\n\t\t\t\t\t<\/div>\n\t\t<\/div>\n\t\t\t\t\t\t\t<\/div>\n\t\t<\/section>\n\t\t\t\t<section class=\"elementor-section elementor-top-section elementor-element elementor-element-0d30f87 elementor-section-boxed elementor-section-height-default elementor-section-height-default\" data-id=\"0d30f87\" data-element_type=\"section\" data-settings=\"{&quot;background_background&quot;:&quot;classic&quot;}\">\n\t\t\t\t\t\t<div class=\"elementor-container elementor-column-gap-default\">\n\t\t\t\t\t<div class=\"elementor-column elementor-col-100 elementor-top-column elementor-element elementor-element-9f9afc8\" data-id=\"9f9afc8\" data-element_type=\"column\">\n\t\t\t<div class=\"elementor-widget-wrap elementor-element-populated\">\n\t\t\t\t\t\t\t\t<div class=\"elementor-element elementor-element-598c098 elementor-widget elementor-widget-heading\" data-id=\"598c098\" data-element_type=\"widget\" data-widget_type=\"heading.default\">\n\t\t\t\t<div class=\"elementor-widget-container\">\n\t\t\t<style>\/*! elementor - v3.10.1 - 17-01-2023 *\/\n.elementor-heading-title{padding:0;margin:0;line-height:1}.elementor-widget-heading .elementor-heading-title[class*=elementor-size-]>a{color:inherit;font-size:inherit;line-height:inherit}.elementor-widget-heading .elementor-heading-title.elementor-size-small{font-size:15px}.elementor-widget-heading .elementor-heading-title.elementor-size-medium{font-size:19px}.elementor-widget-heading .elementor-heading-title.elementor-size-large{font-size:29px}.elementor-widget-heading .elementor-heading-title.elementor-size-xl{font-size:39px}.elementor-widget-heading .elementor-heading-title.elementor-size-xxl{font-size:59px}<\/style><h1 class=\"elementor-heading-title elementor-size-default\">Miguel \u00c1ngel Almaz\u00e1n-G\u00f3mez<\/h1>\t\t<\/div>\n\t\t\t\t<\/div>\n\t\t\t\t\t<\/div>\n\t\t<\/div>\n\t\t\t\t\t\t\t<\/div>\n\t\t<\/section>\n\t\t\t\t<section class=\"elementor-section elementor-top-section elementor-element elementor-element-290a089 elementor-section-boxed elementor-section-height-default elementor-section-height-default\" data-id=\"290a089\" data-element_type=\"section\">\n\t\t\t\t\t\t<div class=\"elementor-container elementor-column-gap-default\">\n\t\t\t\t\t<div class=\"elementor-column elementor-col-33 elementor-top-column elementor-element elementor-element-f46ef55\" data-id=\"f46ef55\" data-element_type=\"column\">\n\t\t\t<div class=\"elementor-widget-wrap elementor-element-populated\">\n\t\t\t\t\t\t\t\t<div class=\"elementor-element elementor-element-1dbdafa elementor-widget elementor-widget-image\" data-id=\"1dbdafa\" data-element_type=\"widget\" data-widget_type=\"image.default\">\n\t\t\t\t<div class=\"elementor-widget-container\">\n\t\t\t\t\t\t\t\t\t\t\t\t\t\t\t<img loading=\"lazy\" decoding=\"async\" width=\"638\" height=\"1256\" src=\"https:\/\/www.credenat.com\/wp-content\/uploads\/2022\/12\/IMG-20181031-WA00062.jpg\" class=\"attachment-full size-full wp-image-7927\" alt=\"\" srcset=\"https:\/\/www.credenat.com\/wp-content\/uploads\/2022\/12\/IMG-20181031-WA00062.jpg 638w, https:\/\/www.credenat.com\/wp-content\/uploads\/2022\/12\/IMG-20181031-WA00062-152x300.jpg 152w, https:\/\/www.credenat.com\/wp-content\/uploads\/2022\/12\/IMG-20181031-WA00062-520x1024.jpg 520w\" sizes=\"auto, (max-width: 638px) 100vw, 638px\" \/>\t\t\t\t\t\t\t\t\t\t\t\t\t\t\t<\/div>\n\t\t\t\t<\/div>\n\t\t\t\t<div class=\"elementor-element elementor-element-1d044af elementor-widget elementor-widget-heading\" data-id=\"1d044af\" data-element_type=\"widget\" data-widget_type=\"heading.default\">\n\t\t\t\t<div class=\"elementor-widget-container\">\n\t\t\t<h2 class=\"elementor-heading-title elementor-size-medium\">Miguel \u00c1ngel Almaz\u00e1n-G\u00f3mez<\/h2>\t\t<\/div>\n\t\t\t\t<\/div>\n\t\t\t\t<div class=\"elementor-element elementor-element-0d9abdc elementor-widget elementor-widget-creote-footer-contact-list-v1\" data-id=\"0d9abdc\" data-element_type=\"widget\" data-widget_type=\"creote-footer-contact-list-v1.default\">\n\t\t\t\t<div class=\"elementor-widget-container\">\n\t\t\t<div class=\"footer_contact_list dark_color type_one\">\r\n      <div class=\"same_contact phone\">\r\n            <span class=\"icon-telephone\"><\/span>\r\n            <div class=\"content\">\r\n                  <h6 class=\"titles\"> Phone<\/h6>\r\n                           <a href=\"tel:+34 976 761 831\">+34 976 761 831<\/a>\r\n               <\/div>\r\n   <\/div>\r\n   <\/div>\r\n\t\t<\/div>\n\t\t\t\t<\/div>\n\t\t\t\t<div class=\"elementor-element elementor-element-bbcec9f elementor-widget elementor-widget-creote-footer-contact-list-v1\" data-id=\"bbcec9f\" data-element_type=\"widget\" data-widget_type=\"creote-footer-contact-list-v1.default\">\n\t\t\t\t<div class=\"elementor-widget-container\">\n\t\t\t<div class=\"footer_contact_list dark_color type_one\">\r\n      <div class=\"same_contact mail\">\r\n            <span class=\"icon-mail\"><\/span>\r\n            <div class=\"content\">\r\n                  <h6 class=\"titles\"> E-Mail<\/h6>\r\n                           <a href=\"mailto:malmazan@unizar.es\">malmazan@unizar.es<\/a>\r\n               <\/div>\r\n   <\/div>\r\n   <\/div>\r\n\t\t<\/div>\n\t\t\t\t<\/div>\n\t\t\t\t<div class=\"elementor-element elementor-element-f07b77e elementor-widget elementor-widget-creote-themebtns-v1\" data-id=\"f07b77e\" data-element_type=\"widget\" data-widget_type=\"creote-themebtns-v1.default\">\n\t\t\t\t<div class=\"elementor-widget-container\">\n\t\t\t<div class=\"theme_btn_all color_one\">\r\n      <a href=\"https:\/\/scholar.google.es\/citations?user=Cb80DfYAAAAJ&#038;hl=es\"   target=&quot;_blank&quot;  rel=&quot;nofollow&quot; class=\"theme-btn five\">\r\n   Publications Collection <i class=\"icon-right-arrow\"><\/i>\r\n   <\/a>\r\n   <\/div>\r\n\t\t<\/div>\n\t\t\t\t<\/div>\n\t\t\t\t\t<\/div>\n\t\t<\/div>\n\t\t\t\t<div class=\"elementor-column elementor-col-66 elementor-top-column elementor-element elementor-element-a9bafbd\" data-id=\"a9bafbd\" data-element_type=\"column\">\n\t\t\t<div class=\"elementor-widget-wrap elementor-element-populated\">\n\t\t\t\t\t\t\t\t<div class=\"elementor-element elementor-element-1dec693 elementor-widget elementor-widget-text-editor\" data-id=\"1dec693\" data-element_type=\"widget\" data-widget_type=\"text-editor.default\">\n\t\t\t\t<div class=\"elementor-widget-container\">\n\t\t\t<style>\/*! elementor - v3.10.1 - 17-01-2023 *\/\n.elementor-widget-text-editor.elementor-drop-cap-view-stacked .elementor-drop-cap{background-color:#818a91;color:#fff}.elementor-widget-text-editor.elementor-drop-cap-view-framed .elementor-drop-cap{color:#818a91;border:3px solid;background-color:transparent}.elementor-widget-text-editor:not(.elementor-drop-cap-view-default) .elementor-drop-cap{margin-top:8px}.elementor-widget-text-editor:not(.elementor-drop-cap-view-default) .elementor-drop-cap-letter{width:1em;height:1em}.elementor-widget-text-editor .elementor-drop-cap{float:left;text-align:center;line-height:1;font-size:50px}.elementor-widget-text-editor .elementor-drop-cap-letter{display:inline-block}<\/style>\t\t\t\t<p>Miguel \u00c1ngel Almaz\u00e1n G\u00f3mez is a doctor in Economics from the University of Zaragoza, with outstanding cum laude and international mention. He has worked at this university as a PDI in training for four years thanks to the fact that he obtained the scholarship for University Teacher Training (FPU14 \/ 01694) and that he began to enjoy in October 2015, after finishing the Master&#8217;s in Economics and the Degree in Economy.<\/p><p>Once the contract with the University of Zaragoza ended, Miguel \u00c1ngel Almaz\u00e1n moved to Seville where he has worked as a consultant \/ researcher at the Joint Research Center (JRC). And later he worked as a Researcher at the Center for Economic Prediction (CEPREDE), where he currently collaborates as a Researcher \/ External Consultant. Currently, Miguel \u00c1ngel Almaz\u00e1n G\u00f3mez is Assistant Professor Doctor at the University of Zaragoza.<\/p><p>During the pre-doctoral period he carried out two research stays: in 2017 the stay was carried out at the International Institute for Applied Systems Analysis (IIASA) in Laxemburg (Austria) where he deepened his knowledge of hydro-economic models. The second research stay was at the Joint Research Center (JRC), where he perfected his knowledge of multiregional input-output models and social accounting matrices.<\/p><p>The line of research that he develops is part of the development and analysis of multiregional and multisectoral models. Some of his works have been published in specialized magazines and indexed in the JCR and SCOPUS rankings. The results of his work have also been presented at different national and international conferences.<\/p>\t\t\t\t\t\t<\/div>\n\t\t\t\t<\/div>\n\t\t\t\t<div class=\"elementor-element elementor-element-8eae81b elementor-widget elementor-widget-heading\" data-id=\"8eae81b\" data-element_type=\"widget\" data-widget_type=\"heading.default\">\n\t\t\t\t<div class=\"elementor-widget-container\">\n\t\t\t<h3 class=\"elementor-heading-title elementor-size-medium\">Publications (selection)<\/h3>\t\t<\/div>\n\t\t\t\t<\/div>\n\t\t\t\t<div class=\"elementor-element elementor-element-7e95c6e elementor-widget elementor-widget-text-editor\" data-id=\"7e95c6e\" data-element_type=\"widget\" data-widget_type=\"text-editor.default\">\n\t\t\t\t<div class=\"elementor-widget-container\">\n\t\t\t\t\t\t\t<ul><li><p>Ferreira, V., Almaz\u00e1n-G\u00f3mez, M.A., Nechifor, V., Ferrari, E., 2022. The role of the agricultural sector in Ghanaian development: a multiregional SAM-based analysis. J. Econ. Struct. 11, 6. https:\/\/doi.org\/10.1186\/s40008-022-00265-9<\/p><\/li><li><p>Almaz\u00e1n-G\u00f3mez, M.A., Kahil, T., Duarte, R., S\u00e1nchez-Ch\u00f3liz, J., 2021. A Multiregional Input\u2013Output Hydro-Economic Modeling Framework: An Application to the Ebro River Basin. Water Econ. Policy 28. https:\/\/doi.org\/10.1142\/S2382624X21400026<\/p><\/li><li><p>Almaz\u00e1n-G\u00f3mez, M.A., Duarte, R., Langarita, R., S\u00e1nchez-Ch\u00f3liz, J., 2021. Water and socioeconomic dependencies: a multiregional model. Clean Technol. Environ. Policy 23, 783\u2013796. https:\/\/doi.org\/10.1007\/s10098-020-01915-x<\/p><\/li><li><p>Almaz\u00e1n-G\u00f3mez, M.A., Duarte, R., Langarita, R., S\u00e1nchez-Ch\u00f3liz, J., 2019. Effects of water re-allocation in the Ebro river basin: A multiregional input-output and geographical analysis. J. Environ. Manage. 241, 645\u2013657. https:\/\/doi.org\/10.1016\/j.jenvman.2019.03.042<\/p><\/li><li><p>Almaz\u00e1n-G\u00f3mez, M.A., S\u00e1nchez-Ch\u00f3liz, J., Sarasa, C., 2018. Environmental flow management: An analysis applied to the Ebro River Basin. J. Clean. Prod. 182, 838\u2013851. https:\/\/doi.org\/10.1016\/j.jclepro.2018.01.207<\/p><p>\u00a0<\/p><\/li><\/ul>\t\t\t\t\t\t<\/div>\n\t\t\t\t<\/div>\n\t\t\t\t\t<\/div>\n\t\t<\/div>\n\t\t\t\t\t\t\t<\/div>\n\t\t<\/section>\n\t\t\t\t\t\t\t<\/div>\n\t\t","protected":false},"excerpt":{"rendered":"<p>Miguel \u00c1ngel Almaz\u00e1n-G\u00f3mez Miguel \u00c1ngel Almaz\u00e1n-G\u00f3mez Phone +34 976 761 831 E-Mail malmazan@unizar.es Publications Collection Miguel \u00c1ngel Almaz\u00e1n G\u00f3mez is a doctor in Economics from the University of Zaragoza, with outstanding cum laude and international mention. He has worked at this university as a PDI in training for four years thanks to the fact that [&hellip;]<\/p>\n","protected":false},"author":1,"featured_media":0,"parent":0,"menu_order":0,"comment_status":"closed","ping_status":"closed","template":"template-homepage.php","meta":{"_mi_skip_tracking":false,"footnotes":""},"class_list":["post-7931","page","type-page","status-publish","hentry"],"yoast_head":"<!-- This site is optimized with the Yoast SEO plugin v20.0 - https:\/\/yoast.com\/wordpress\/plugins\/seo\/ -->\n<title>Miguel \u00c1ngel Almaz\u00e1n Gom\u00e9z - Credenat<\/title>\n<meta name=\"robots\" content=\"index, follow, max-snippet:-1, max-image-preview:large, max-video-preview:-1\" \/>\n<link rel=\"canonical\" href=\"https:\/\/www.credenat.com\/en\/miguel-almazan\/\" \/>\n<meta property=\"og:locale\" content=\"en_US\" \/>\n<meta property=\"og:type\" content=\"article\" \/>\n<meta property=\"og:title\" content=\"Miguel \u00c1ngel Almaz\u00e1n Gom\u00e9z - Credenat\" \/>\n<meta property=\"og:description\" content=\"Miguel \u00c1ngel Almaz\u00e1n-G\u00f3mez Miguel \u00c1ngel Almaz\u00e1n-G\u00f3mez Phone +34 976 761 831 E-Mail malmazan@unizar.es Publications Collection Miguel \u00c1ngel Almaz\u00e1n G\u00f3mez is a doctor in Economics from the University of Zaragoza, with outstanding cum laude and international mention. He has worked at this university as a PDI in training for four years thanks to the fact that [&hellip;]\" \/>\n<meta property=\"og:url\" content=\"https:\/\/www.credenat.com\/en\/miguel-almazan\/\" \/>\n<meta property=\"og:site_name\" content=\"Credenat\" \/>\n<meta property=\"article:modified_time\" content=\"2023-01-24T09:29:20+00:00\" \/>\n<meta property=\"og:image\" content=\"https:\/\/www.credenat.com\/2022\/wp-content\/uploads\/2022\/08\/header.jpg\" \/>\n<meta name=\"twitter:card\" content=\"summary_large_image\" \/>\n<meta name=\"twitter:label1\" content=\"Est. reading time\" \/>\n\t<meta name=\"twitter:data1\" content=\"2 minutes\" \/>\n<script type=\"application\/ld+json\" class=\"yoast-schema-graph\">{\"@context\":\"https:\/\/schema.org\",\"@graph\":[{\"@type\":\"WebPage\",\"@id\":\"https:\/\/www.credenat.com\/en\/miguel-almazan\/\",\"url\":\"https:\/\/www.credenat.com\/en\/miguel-almazan\/\",\"name\":\"Miguel \u00c1ngel Almaz\u00e1n Gom\u00e9z - Credenat\",\"isPartOf\":{\"@id\":\"https:\/\/www.credenat.com\/en\/#website\"},\"datePublished\":\"2022-12-21T15:31:53+00:00\",\"dateModified\":\"2023-01-24T09:29:20+00:00\",\"breadcrumb\":{\"@id\":\"https:\/\/www.credenat.com\/en\/miguel-almazan\/#breadcrumb\"},\"inLanguage\":\"en-US\",\"potentialAction\":[{\"@type\":\"ReadAction\",\"target\":[\"https:\/\/www.credenat.com\/en\/miguel-almazan\/\"]}]},{\"@type\":\"BreadcrumbList\",\"@id\":\"https:\/\/www.credenat.com\/en\/miguel-almazan\/#breadcrumb\",\"itemListElement\":[{\"@type\":\"ListItem\",\"position\":1,\"name\":\"Portada\",\"item\":\"https:\/\/www.credenat.com\/en\/\"},{\"@type\":\"ListItem\",\"position\":2,\"name\":\"Miguel \u00c1ngel Almaz\u00e1n Gom\u00e9z\"}]},{\"@type\":\"WebSite\",\"@id\":\"https:\/\/www.credenat.com\/en\/#website\",\"url\":\"https:\/\/www.credenat.com\/en\/\",\"name\":\"Credenat\",\"description\":\"Crecimiento, Demanda y Recursos Naturales\",\"potentialAction\":[{\"@type\":\"SearchAction\",\"target\":{\"@type\":\"EntryPoint\",\"urlTemplate\":\"https:\/\/www.credenat.com\/en\/?s={search_term_string}\"},\"query-input\":\"required name=search_term_string\"}],\"inLanguage\":\"en-US\"}]}<\/script>\n<!-- \/ Yoast SEO plugin. -->","yoast_head_json":{"title":"Miguel \u00c1ngel Almaz\u00e1n Gom\u00e9z - Credenat","robots":{"index":"index","follow":"follow","max-snippet":"max-snippet:-1","max-image-preview":"max-image-preview:large","max-video-preview":"max-video-preview:-1"},"canonical":"https:\/\/www.credenat.com\/en\/miguel-almazan\/","og_locale":"en_US","og_type":"article","og_title":"Miguel \u00c1ngel Almaz\u00e1n Gom\u00e9z - Credenat","og_description":"Miguel \u00c1ngel Almaz\u00e1n-G\u00f3mez Miguel \u00c1ngel Almaz\u00e1n-G\u00f3mez Phone +34 976 761 831 E-Mail malmazan@unizar.es Publications Collection Miguel \u00c1ngel Almaz\u00e1n G\u00f3mez is a doctor in Economics from the University of Zaragoza, with outstanding cum laude and international mention. He has worked at this university as a PDI in training for four years thanks to the fact that [&hellip;]","og_url":"https:\/\/www.credenat.com\/en\/miguel-almazan\/","og_site_name":"Credenat","article_modified_time":"2023-01-24T09:29:20+00:00","og_image":[{"url":"https:\/\/www.credenat.com\/2022\/wp-content\/uploads\/2022\/08\/header.jpg"}],"twitter_card":"summary_large_image","twitter_misc":{"Est. reading time":"2 minutes"},"schema":{"@context":"https:\/\/schema.org","@graph":[{"@type":"WebPage","@id":"https:\/\/www.credenat.com\/en\/miguel-almazan\/","url":"https:\/\/www.credenat.com\/en\/miguel-almazan\/","name":"Miguel \u00c1ngel Almaz\u00e1n Gom\u00e9z - Credenat","isPartOf":{"@id":"https:\/\/www.credenat.com\/en\/#website"},"datePublished":"2022-12-21T15:31:53+00:00","dateModified":"2023-01-24T09:29:20+00:00","breadcrumb":{"@id":"https:\/\/www.credenat.com\/en\/miguel-almazan\/#breadcrumb"},"inLanguage":"en-US","potentialAction":[{"@type":"ReadAction","target":["https:\/\/www.credenat.com\/en\/miguel-almazan\/"]}]},{"@type":"BreadcrumbList","@id":"https:\/\/www.credenat.com\/en\/miguel-almazan\/#breadcrumb","itemListElement":[{"@type":"ListItem","position":1,"name":"Portada","item":"https:\/\/www.credenat.com\/en\/"},{"@type":"ListItem","position":2,"name":"Miguel \u00c1ngel Almaz\u00e1n Gom\u00e9z"}]},{"@type":"WebSite","@id":"https:\/\/www.credenat.com\/en\/#website","url":"https:\/\/www.credenat.com\/en\/","name":"Credenat","description":"Crecimiento, Demanda y Recursos Naturales","potentialAction":[{"@type":"SearchAction","target":{"@type":"EntryPoint","urlTemplate":"https:\/\/www.credenat.com\/en\/?s={search_term_string}"},"query-input":"required name=search_term_string"}],"inLanguage":"en-US"}]}},"_links":{"self":[{"href":"https:\/\/www.credenat.com\/en\/wp-json\/wp\/v2\/pages\/7931","targetHints":{"allow":["GET"]}}],"collection":[{"href":"https:\/\/www.credenat.com\/en\/wp-json\/wp\/v2\/pages"}],"about":[{"href":"https:\/\/www.credenat.com\/en\/wp-json\/wp\/v2\/types\/page"}],"author":[{"embeddable":true,"href":"https:\/\/www.credenat.com\/en\/wp-json\/wp\/v2\/users\/1"}],"replies":[{"embeddable":true,"href":"https:\/\/www.credenat.com\/en\/wp-json\/wp\/v2\/comments?post=7931"}],"version-history":[{"count":8,"href":"https:\/\/www.credenat.com\/en\/wp-json\/wp\/v2\/pages\/7931\/revisions"}],"predecessor-version":[{"id":8266,"href":"https:\/\/www.credenat.com\/en\/wp-json\/wp\/v2\/pages\/7931\/revisions\/8266"}],"wp:attachment":[{"href":"https:\/\/www.credenat.com\/en\/wp-json\/wp\/v2\/media?parent=7931"}],"curies":[{"name":"wp","href":"https:\/\/api.w.org\/{rel}","templated":true}]}}